{"id":9,"date":"2024-06-07T11:39:07","date_gmt":"2024-06-07T11:39:07","guid":{"rendered":"https:\/\/adventurealbania.com\/?page_id=9"},"modified":"2025-03-28T12:16:29","modified_gmt":"2025-03-28T11:16:29","slug":"om","status":"publish","type":"page","link":"https:\/\/adventurealbania.com\/sv\/about\/","title":{"rendered":"Om"},"content":{"rendered":"<section class=\"ptb-90\">\n    <div class=\"container\">\n        <div class=\"row\">\n                        <div class=\"col-lg-4\">\n                <div class=\"sticky-elements\">\n\n                    <div class=\"author-card author-card-sidebar  flex-column align-items-center mb-30\">\n                                                    <h4 class=\"author-name pb-0 mb-0\">Vem jag \u00e4r<\/h4>\n                                                    <div class=\"author-image m-auto\">\n                                <img decoding=\"async\" src=\"https:\/\/adventurealbania.com\/wp-content\/uploads\/2024\/06\/drik.jpg\" alt=\"f\u00f6rfattare-bild\">\n                            <\/div>\n                                                    <div class=\"author-content\">\n                                <p class=\"text-center mb-lg-40 mb-10\">Mitt namn \u00e4r Dirk Pohlers. Jag har tillbringat de senaste \u00e5ren med att fotografera och dokumentera min balkanresa p\u00e5 Adventure Albania. Den h\u00e4r webbplatsen b\u00f6rjade som ett s\u00e4tt att dela mina \u00e4ventyr och fotografering men har snabbt vuxit till en av de mest popul\u00e4ra \u00e4ventyrsresebloggarna i regionen.<\/p>\n<p class=\"text-center\">Som reseskribent och fotograf har jag publicerat \u00f6ver 100 reseguider d\u00e4r jag utifr\u00e5n mina personliga erfarenheter delar med mig av unika resplaner, tips om resor och boende samt episka \u00e4ventyrsguider med vandringar, utsiktsplatser, str\u00e4nder, vattenfall och rundturer som hj\u00e4lper dig att planera din resa.<\/p>\n                            <\/div>\n                                                <div class=\"author-socials\">\n                                                            <a href=\"https:\/\/www.facebook.com\/AbenteuerAlbanien\/\" class=\"facebook\" target=\"_blank\" rel=\"noopener\"><i class=\"fab fa-facebook-f\"><\/i><\/a>\n                                                            <a href=\"https:\/\/www.instagram.com\/albanien.reisen\/\" class=\"instagram\" target=\"_blank\" rel=\"noopener\"><i class=\"fab fa-instagram\"><\/i><\/a>\n                                                            <a href=\"https:\/\/www.linkedin.com\/in\/dirkpohlers\/\" class=\"linkedin\" target=\"_blank\" rel=\"noopener\"><i class=\"fab fa-linkedin-in\"><\/i><\/a>\n                                                            <a href=\"https:\/\/www.youtube.com\/watch?v=uXHnZa3fjyA\" class=\"youtube\" target=\"_blank\" rel=\"noopener\"><i class=\"fab fa-youtube\"><\/i><\/a>\n                            \n                        <\/div>\n\n                    <\/div>\n                <\/div>\n            <\/div>\n\n                        <div class=\"col-lg-8\">\n                <div class=\"about-page-content\">\n                    <div class=\"position-relative pb-70 mb-lg-5 mb-5\">\n                                                    <h2 class=\"mb-20 title-style-2 fix-width-post-content\">Om Adventure Albania <\/h2>\n                        <p>Redan i tidig \u00e5lder drogs jag ut i v\u00e4rlden f\u00f6r att uppt\u00e4cka fr\u00e4mmande kulturer och framf\u00f6r allt nya saker.<\/p>\n<p>N\u00e4r jag f\u00f6rst kom till Albanien blev jag omedelbart fascinerad. Ett s\u00e5dant or\u00f6rt och imponerande land, inte ens en tv\u00e5 timmars flygning fr\u00e5n Tyskland, det var otroligt. Resan tog mig fr\u00e5n huvudstaden Tirana till det bergiga landskapet Kor\u00e7a. Som utbildad hotell\u00e4gare blev jag omedelbart imponerad av folkets autentiska g\u00e4stfrihet och Albaniens originalitet. Jag best\u00e4mde mig f\u00f6r att presentera Albaniens sk\u00f6nhet f\u00f6r tysktalande resen\u00e4rer med hj\u00e4lp av vandring och kulturella turer i sm\u00e5 grupper.<\/p>\n\n\n                        <div class=\"position-relative\">\n\n                                                            <div class=\"about-post-image\">\n                                    <img decoding=\"async\" src=\"https:\/\/adventurealbania.com\/wp-content\/uploads\/2024\/06\/about.webp\" data-src=\"https:\/\/adventurealbania.com\/wp-content\/uploads\/2024\/06\/about.webp\" alt=\"blogg-bild\" class=\"border-rarius-14\">\n                                <\/div>\n                            \n                            <div class=\"counter-wrapper\">\n                                                                <div class=\"counter-number\">\n                                    <h6 class=\"odometer\" data-count=\"129\">0<\/h6><h5>+<\/h5>\n                                    <p>Publicerade bloggar<\/p>\n                                <\/div>\n                                                                    <div class=\"counter-number\">\n                                        <h6 class=\"odometer\" data-count=\"120000\">0<\/h6><h5>k+<\/h5>\n                                        <p>Synpunkter p\u00e5 bloggen<\/p>\n                                    <\/div>\n                                                                    <div class=\"counter-number\">\n                                        <h6 class=\"odometer\" data-count=\"4512\">0<\/h6><h5>k+<\/h5>\n                                        <p>Totalt antal abonnenter<\/p>\n                                    <\/div>\n                                \n                            <\/div>\n                        <\/div>\n                    <\/div>\n\n                                            <div class=\"position-relative pb-70 mb-lg-5 mb-5\">\n                            <h3>Albanien och Balkan har f\u00f6rtrollat mig.<\/h3>\n<p>Jag utforskade varje h\u00f6rn av landet f\u00f6r att samla de vackraste vandringslederna, upplevelserna, rutterna, kulinariska upplevelserna och dolda hemligheterna och utvecklade mina personliga turer.<\/p>\n<p>Resultatet \u00e4r en serie turer och upplevelser som l\u00e4gger s\u00e4rskild vikt vid individuella upplevelser. Mina sm\u00e5 grupper \u00e4r begr\u00e4nsade till 4 till h\u00f6gst 12 personer f\u00f6r att s\u00e4kerst\u00e4lla att v\u00e5ra lokala guider kan svara p\u00e5 individuella \u00f6nskem\u00e5l och behov och att upplevelsen \u00e4r mycket speciell f\u00f6r varje individ.<\/p>\n                        <\/div>\n                    \n                <\/div>\n            <\/div>\n        <\/div>\n    <\/div>\n<\/section>","protected":false},"excerpt":{"rendered":"","protected":false},"author":2,"featured_media":1195,"parent":0,"menu_order":0,"comment_status":"closed","ping_status":"closed","template":"","meta":{"footnotes":""},"class_list":["post-9","page","type-page","status-publish","has-post-thumbnail","hentry"],"acf":[],"_links":{"self":[{"href":"https:\/\/adventurealbania.com\/sv\/wp-json\/wp\/v2\/pages\/9","targetHints":{"allow":["GET"]}}],"collection":[{"href":"https:\/\/adventurealbania.com\/sv\/wp-json\/wp\/v2\/pages"}],"about":[{"href":"https:\/\/adventurealbania.com\/sv\/wp-json\/wp\/v2\/types\/page"}],"author":[{"embeddable":true,"href":"https:\/\/adventurealbania.com\/sv\/wp-json\/wp\/v2\/users\/2"}],"replies":[{"embeddable":true,"href":"https:\/\/adventurealbania.com\/sv\/wp-json\/wp\/v2\/comments?post=9"}],"version-history":[{"count":19,"href":"https:\/\/adventurealbania.com\/sv\/wp-json\/wp\/v2\/pages\/9\/revisions"}],"predecessor-version":[{"id":5955,"href":"https:\/\/adventurealbania.com\/sv\/wp-json\/wp\/v2\/pages\/9\/revisions\/5955"}],"wp:featuredmedia":[{"embeddable":true,"href":"https:\/\/adventurealbania.com\/sv\/wp-json\/wp\/v2\/media\/1195"}],"wp:attachment":[{"href":"https:\/\/adventurealbania.com\/sv\/wp-json\/wp\/v2\/media?parent=9"}],"curies":[{"name":"wp","href":"https:\/\/api.w.org\/{rel}","templated":true}]}}