{"id":784,"date":"2024-06-20T11:40:38","date_gmt":"2024-06-20T11:40:38","guid":{"rendered":"https:\/\/adventurealbania.com\/?page_id=784"},"modified":"2024-06-20T12:28:41","modified_gmt":"2024-06-20T12:28:41","slug":"villkor","status":"publish","type":"page","link":"https:\/\/adventurealbania.com\/sv\/terms\/","title":{"rendered":"Villkor och anvisningar"},"content":{"rendered":"<div style=\"height:100px\" aria-hidden=\"true\" class=\"wp-block-spacer\"><\/div>\n\n\n\n<div class=\"wp-block-columns container is-layout-flex wp-container-core-columns-is-layout-9d6595d7 wp-block-columns-is-layout-flex\">\n<div class=\"wp-block-column is-layout-flow wp-block-column-is-layout-flow\">\n<h2 class=\"wp-block-heading\"><strong>Villkor och anvisningar<\/strong><\/h2>\n\n\n\n<p>V\u00e4lkommen till Adventure Albania!<\/p>\n\n\n\n<p>Dessa villkor beskriver reglerna och best\u00e4mmelserna f\u00f6r anv\u00e4ndningen av Adventure Albanias webbplats, som finns p\u00e5 https:\/\/adventurealbania.com.<\/p>\n\n\n\n<p>Genom att komma \u00e5t denna webbplats antar vi att du accepterar dessa villkor. Forts\u00e4tt inte att anv\u00e4nda Adventure Albania om du inte samtycker till att ta alla villkor som anges p\u00e5 denna sida.<\/p>\n\n\n\n<p>F\u00f6ljande terminologi g\u00e4ller f\u00f6r dessa villkor, sekretesspolicy och meddelande om ansvarsfriskrivning och alla avtal: \"Kund\", \"Du\" och \"Din\" h\u00e4nvisar till dig, den person som loggar in p\u00e5 denna webbplats och f\u00f6ljer f\u00f6retagets villkor. \"F\u00f6retaget\", \"Oss sj\u00e4lva\", \"Vi\", \"V\u00e5r\" och \"Oss\", h\u00e4nvisar till v\u00e5rt f\u00f6retag. \"Part\", \"Parter\" eller \"Oss\" avser b\u00e5de Kunden och oss sj\u00e4lva. Alla villkor h\u00e4nvisar till erbjudande, godk\u00e4nnande och \u00f6verv\u00e4gande av betalning som \u00e4r n\u00f6dv\u00e4ndig f\u00f6r att genomf\u00f6ra processen f\u00f6r v\u00e5rt st\u00f6d till kunden p\u00e5 det mest l\u00e4mpliga s\u00e4ttet f\u00f6r det uttryckliga syftet att tillgodose kundens behov med avseende p\u00e5 tillhandah\u00e5llande av f\u00f6retagets angivna tj\u00e4nster, i enlighet med och med f\u00f6rbeh\u00e5ll f\u00f6r g\u00e4llande lag i de. All anv\u00e4ndning av ovanst\u00e5ende terminologi eller andra ord i singular, plural, stor bokstav och\/eller han\/hon eller de, anses vara utbytbara och d\u00e4rf\u00f6r h\u00e4nvisa till samma.<\/p>\n\n\n\n<h3 class=\"wp-block-heading\"><strong>Kakor<\/strong><\/h3>\n\n\n\n<p>Vi anv\u00e4nder anv\u00e4ndningen av cookies. Genom att komma \u00e5t Adventure Albania samtyckte du till att anv\u00e4nda cookies i enlighet med Adventure Albanias sekretesspolicy.<\/p>\n\n\n\n<p>De flesta interaktiva webbplatser anv\u00e4nder cookies f\u00f6r att l\u00e5ta oss h\u00e4mta anv\u00e4ndarens uppgifter f\u00f6r varje bes\u00f6k. Cookies anv\u00e4nds av v\u00e5r webbplats f\u00f6r att m\u00f6jligg\u00f6ra funktionaliteten i vissa omr\u00e5den f\u00f6r att g\u00f6ra det l\u00e4ttare f\u00f6r m\u00e4nniskor som bes\u00f6ker v\u00e5r webbplats. Vissa av v\u00e5ra affiliate-\/reklampartners kan ocks\u00e5 anv\u00e4nda cookies.<\/p>\n\n\n\n<h3 class=\"wp-block-heading\"><strong>Licens<\/strong><\/h3>\n\n\n\n<p>Om inte annat anges \u00e4ger Adventure Albania och \/ eller dess licensgivare immateriella r\u00e4ttigheter f\u00f6r allt material p\u00e5 Adventure Albania. Alla immateriella r\u00e4ttigheter \u00e4r reserverade. Du kan komma \u00e5t detta fr\u00e5n Adventure Albania f\u00f6r ditt eget personliga bruk underkastat begr\u00e4nsningar som anges i dessa villkor.<\/p>\n\n\n\n<p>Det f\u00e5r du inte:<\/p>\n\n\n\n<ul class=\"wp-block-list\">\n<li>\u00c5terpublicera material fr\u00e5n Adventure Albania<\/li>\n\n\n\n<li>S\u00e4lja, hyra eller underlicensiera material fr\u00e5n Adventure Albania<\/li>\n\n\n\n<li>Reproducera, duplicera eller kopiera material fr\u00e5n Adventure Albania<\/li>\n\n\n\n<li>Vidarebefordra inneh\u00e5ll fr\u00e5n Adventure Albania<\/li>\n<\/ul>\n\n\n\n<p>Detta avtal b\u00f6rjar g\u00e4lla p\u00e5 dagen f\u00f6r detta. V\u00e5ra allm\u00e4nna villkor har skapats med hj\u00e4lp av <a href=\"https:\/\/www.termsandconditionsgenerator.com\/\" target=\"_blank\" rel=\"noopener\">Gratis generator f\u00f6r villkor och best\u00e4mmelser<\/a>.<\/p>\n\n\n\n<p>Delar av denna webbplats erbjuder en m\u00f6jlighet f\u00f6r anv\u00e4ndare att publicera och utbyta \u00e5sikter och information i vissa omr\u00e5den p\u00e5 webbplatsen. \u00c4ventyr Albanien filtrerar inte, redigerar, publicerar eller granskar kommentarer innan de finns p\u00e5 webbplatsen. Kommentarer \u00e5terspeglar inte \u00e5sikterna och \u00e5sikterna fr\u00e5n Adventure Albania, dess agenter och \/ eller dotterbolag. Kommentarer \u00e5terspeglar \u00e5sikterna och \u00e5sikterna fr\u00e5n den person som publicerar sina \u00e5sikter och \u00e5sikter. I den utstr\u00e4ckning som till\u00e5ts enligt g\u00e4llande lagar ska Adventure Albania inte vara ansvarigt f\u00f6r kommentarerna eller f\u00f6r n\u00e5got ansvar, skador eller utgifter som orsakats och \/ eller lidit till f\u00f6ljd av n\u00e5gon anv\u00e4ndning av och \/ eller publicering av och \/ eller utseende av kommentarerna p\u00e5 denna webbplats.<\/p>\n\n\n\n<p>Adventure Albania f\u00f6rbeh\u00e5ller sig r\u00e4tten att \u00f6vervaka alla kommentarer och att ta bort alla kommentarer som kan anses vara ol\u00e4mpliga, st\u00f6tande eller orsakar brott mot dessa villkor.<\/p>\n\n\n\n<p>Du garanterar och representerar att:<\/p>\n\n\n\n<ul class=\"wp-block-list\">\n<li>Du har r\u00e4tt att l\u00e4gga upp kommentarer p\u00e5 v\u00e5r webbplats och har alla n\u00f6dv\u00e4ndiga licenser och samtycken f\u00f6r att g\u00f6ra det;<\/li>\n\n\n\n<li>Kommentarerna inkr\u00e4ktar inte p\u00e5 n\u00e5gon immateriell r\u00e4ttighet, inklusive utan begr\u00e4nsning upphovsr\u00e4tt, patent eller varum\u00e4rke som tillh\u00f6r n\u00e5gon tredje part;<\/li>\n\n\n\n<li>Kommentarerna inte inneh\u00e5ller n\u00e5got \u00e4rekr\u00e4nkande, f\u00f6rtalande, st\u00f6tande, oanst\u00e4ndigt eller p\u00e5 annat s\u00e4tt olagligt material som kr\u00e4nker privatlivet<\/li>\n\n\n\n<li>Kommentarerna kommer inte att anv\u00e4ndas f\u00f6r att beg\u00e4ra eller fr\u00e4mja aff\u00e4rer eller anpassade eller presentera kommersiella aktiviteter eller olaglig verksamhet.<\/li>\n<\/ul>\n\n\n\n<p>Du ger h\u00e4rmed Adventure Albania en icke-exklusiv licens att anv\u00e4nda, reproducera, redigera och till\u00e5ta andra att anv\u00e4nda, reproducera och redigera alla dina kommentarer i alla former, format eller media.<\/p>\n\n\n\n<h3 class=\"wp-block-heading\"><strong>Hyperl\u00e4nkar till v\u00e5rt inneh\u00e5ll<\/strong><\/h3>\n\n\n\n<p>F\u00f6ljande organisationer f\u00e5r l\u00e4nka till v\u00e5r webbplats utan f\u00f6reg\u00e5ende skriftligt godk\u00e4nnande:<\/p>\n\n\n\n<ul class=\"wp-block-list\">\n<li>Statliga myndigheter;<\/li>\n\n\n\n<li>S\u00f6kmotorer;<\/li>\n\n\n\n<li>Nyhetsorganisationer;<\/li>\n\n\n\n<li>Onlinekatalogdistribut\u00f6rer kan l\u00e4nka till v\u00e5r webbplats p\u00e5 samma s\u00e4tt som de l\u00e4nkar till webbplatserna f\u00f6r andra listade f\u00f6retag; och<\/li>\n\n\n\n<li>Systemomfattande ackrediterade f\u00f6retag utom v\u00e4rvande ideella organisationer, k\u00f6pcentra f\u00f6r v\u00e4lg\u00f6renhet och v\u00e4lg\u00f6renhetsinsamlingsgrupper som inte f\u00e5r hyperl\u00e4nka till v\u00e5r webbplats.<\/li>\n<\/ul>\n\n\n\n<p>Dessa organisationer f\u00e5r l\u00e4nka till v\u00e5r hemsida, till publikationer eller till annan information p\u00e5 webbplatsen s\u00e5 l\u00e4nge l\u00e4nken (a) inte p\u00e5 n\u00e5got s\u00e4tt \u00e4r vilseledande; (b) inte falskeligen antyder sponsring, st\u00f6d eller godk\u00e4nnande av den l\u00e4nkande parten och dess produkter och\/eller tj\u00e4nster; och (c) passar in i sammanhanget p\u00e5 den l\u00e4nkande partens webbplats.<\/p>\n\n\n\n<p>Vi kan \u00f6verv\u00e4ga och godk\u00e4nna andra l\u00e4nkf\u00f6rfr\u00e5gningar fr\u00e5n f\u00f6ljande typer av organisationer:<\/p>\n\n\n\n<ul class=\"wp-block-list\">\n<li>allm\u00e4nt k\u00e4nda informationsk\u00e4llor f\u00f6r konsumenter och\/eller f\u00f6retag;<\/li>\n\n\n\n<li>dot.com community webbplatser;<\/li>\n\n\n\n<li>f\u00f6reningar eller andra grupper som f\u00f6retr\u00e4der v\u00e4lg\u00f6renhetsorganisationer;<\/li>\n\n\n\n<li>distribut\u00f6rer av onlinekataloger;<\/li>\n\n\n\n<li>internetportaler;<\/li>\n\n\n\n<li>revisions-, advokat- och konsultf\u00f6retag, och<\/li>\n\n\n\n<li>utbildningsinstitutioner och branschorganisationer.<\/li>\n<\/ul>\n\n\n\n<p>Vi kommer att godk\u00e4nna l\u00e4nkf\u00f6rfr\u00e5gningar fr\u00e5n dessa organisationer om vi beslutar att: (a) l\u00e4nken inte skulle f\u00e5 oss att se of\u00f6rdelaktigt ut f\u00f6r oss sj\u00e4lva eller f\u00f6r v\u00e5ra ackrediterade f\u00f6retag; (b) organisationen har inga negativa poster med oss; (c) f\u00f6rdelen f\u00f6r oss fr\u00e5n synligheten av hyperl\u00e4nken kompenserar fr\u00e5nvaron av Adventure Albania; och (d) l\u00e4nken \u00e4r i samband med allm\u00e4n resursinformation.<\/p>\n\n\n\n<p>Dessa organisationer f\u00e5r l\u00e4nka till v\u00e5r hemsida s\u00e5 l\u00e4nge som l\u00e4nken: (a) inte p\u00e5 n\u00e5got s\u00e4tt \u00e4r vilseledande; (b) inte falskeligen antyder sponsring, st\u00f6d eller godk\u00e4nnande av den l\u00e4nkande parten och dess produkter eller tj\u00e4nster; och (c) passar in i sammanhanget p\u00e5 den l\u00e4nkande partens webbplats.<\/p>\n\n\n\n<p>Om du \u00e4r en av de organisationer som anges i punkt 2 ovan och \u00e4r intresserad av att l\u00e4nka till v\u00e5r webbplats m\u00e5ste du informera oss genom att skicka ett e-postmeddelande till Adventure Albania. V\u00e4nligen inkludera ditt namn, ditt organisationsnamn, kontaktinformation samt webbadressen till din webbplats, en lista \u00f6ver alla webbadresser fr\u00e5n vilka du t\u00e4nker l\u00e4nka till v\u00e5r webbplats och en lista \u00f6ver webbadresserna p\u00e5 v\u00e5r webbplats som du vill l\u00e4nka till. V\u00e4nta 2-3 veckor p\u00e5 svar.<\/p>\n\n\n\n<p>Godk\u00e4nda organisationer f\u00e5r hyperl\u00e4nka till v\u00e5r webbplats p\u00e5 f\u00f6ljande s\u00e4tt:<\/p>\n\n\n\n<ul class=\"wp-block-list\">\n<li>Genom anv\u00e4ndning av v\u00e5rt f\u00f6retagsnamn; eller<\/li>\n\n\n\n<li>Genom anv\u00e4ndning av den enhetliga resurslokalisator som l\u00e4nkas till; eller<\/li>\n\n\n\n<li>Genom att anv\u00e4nda n\u00e5gon annan beskrivning av v\u00e5r webbplats som l\u00e4nkas till som \u00e4r meningsfull inom ramen f\u00f6r sammanhanget och formatet f\u00f6r inneh\u00e5llet p\u00e5 den l\u00e4nkande partens webbplats.<\/li>\n<\/ul>\n\n\n\n<p>Ingen anv\u00e4ndning av Adventure Albanias logotyp eller andra konstverk kommer att till\u00e5tas f\u00f6r l\u00e4nkning utan ett varum\u00e4rkeslicensavtal.<\/p>\n\n\n\n<h3 class=\"wp-block-heading\"><strong>iFrames<\/strong><\/h3>\n\n\n\n<p>Utan f\u00f6reg\u00e5ende godk\u00e4nnande och skriftligt tillst\u00e5nd f\u00e5r du inte skapa ramar runt v\u00e5ra webbsidor som p\u00e5 n\u00e5got s\u00e4tt \u00e4ndrar den visuella presentationen eller utseendet p\u00e5 v\u00e5r webbplats.<\/p>\n\n\n\n<h3 class=\"wp-block-heading\"><strong>Ansvar f\u00f6r inneh\u00e5ll<\/strong><\/h3>\n\n\n\n<p>Vi ska inte h\u00e5llas ansvariga f\u00f6r n\u00e5got inneh\u00e5ll som visas p\u00e5 din webbplats. Du samtycker till att skydda och f\u00f6rsvara oss mot alla anspr\u00e5k som uppkommer p\u00e5 din webbplats. Inga l\u00e4nkar ska visas p\u00e5 n\u00e5gon webbplats som kan tolkas som \u00e4rekr\u00e4nkande, obscen eller brottslig, eller som g\u00f6r intr\u00e5ng, p\u00e5 annat s\u00e4tt bryter mot, eller f\u00f6respr\u00e5kar intr\u00e5ng eller annan \u00f6vertr\u00e4delse av, tredje parts r\u00e4ttigheter.<\/p>\n\n\n\n<h3 class=\"wp-block-heading\"><strong>F\u00f6rbeh\u00e5ll f\u00f6r r\u00e4ttigheter<\/strong><\/h3>\n\n\n\n<p>Vi f\u00f6rbeh\u00e5ller oss r\u00e4tten att beg\u00e4ra att du tar bort alla l\u00e4nkar eller n\u00e5gon s\u00e4rskild l\u00e4nk till v\u00e5r webbplats. Du godk\u00e4nner att omedelbart ta bort alla l\u00e4nkar till v\u00e5r webbplats p\u00e5 beg\u00e4ran. Vi f\u00f6rbeh\u00e5ller oss ocks\u00e5 r\u00e4tten att n\u00e4r som helst \u00e4ndra dessa villkor och dess l\u00e4nkpolicy. Genom att kontinuerligt l\u00e4nka till v\u00e5r webbplats samtycker du till att vara bunden till och f\u00f6lja dessa l\u00e4nkvillkor.<\/p>\n\n\n\n<h3 class=\"wp-block-heading\"><strong>Borttagning av l\u00e4nkar fr\u00e5n v\u00e5r webbplats<\/strong><\/h3>\n\n\n\n<p>Om du hittar n\u00e5gon l\u00e4nk p\u00e5 v\u00e5r webbplats som \u00e4r st\u00f6tande av n\u00e5gon anledning, \u00e4r du fri att kontakta och informera oss n\u00e4r som helst. Vi kommer att \u00f6verv\u00e4ga f\u00f6rfr\u00e5gningar om att ta bort l\u00e4nkar, men vi \u00e4r inte skyldiga att g\u00f6ra det eller att svara dig direkt.<\/p>\n\n\n\n<p>Vi garanterar inte att informationen p\u00e5 denna webbplats \u00e4r korrekt, vi garanterar inte att den \u00e4r fullst\u00e4ndig eller korrekt; vi lovar inte heller att se till att webbplatsen f\u00f6rblir tillg\u00e4nglig eller att materialet p\u00e5 webbplatsen h\u00e5lls uppdaterat.<\/p>\n\n\n\n<h3 class=\"wp-block-heading\"><strong>Ansvarsfriskrivning<\/strong><\/h3>\n\n\n\n<p>I den utstr\u00e4ckning som till\u00e5ts enligt till\u00e4mplig lag utesluter vi alla utf\u00e4stelser, garantier och villkor som r\u00f6r v\u00e5r webbplats och anv\u00e4ndningen av denna webbplats. Ingenting i denna ansvarsfriskrivning kommer:<\/p>\n\n\n\n<ul class=\"wp-block-list\">\n<li>begr\u00e4nsa eller utesluta v\u00e5rt eller ert ansvar f\u00f6r d\u00f6dsfall eller personskada;<\/li>\n\n\n\n<li>begr\u00e4nsa eller utesluta v\u00e5rt eller ert ansvar f\u00f6r bedr\u00e4geri eller bedr\u00e4glig felaktig framst\u00e4llning;<\/li>\n\n\n\n<li>begr\u00e4nsa n\u00e5got av v\u00e5ra eller dina ansvar p\u00e5 n\u00e5got s\u00e4tt som inte \u00e4r till\u00e5tet enligt till\u00e4mplig lag; eller<\/li>\n\n\n\n<li>utesluta n\u00e5got av v\u00e5ra eller era ansvar som inte f\u00e5r uteslutas enligt till\u00e4mplig lag.<\/li>\n<\/ul>\n\n\n\n<p>De begr\u00e4nsningar och f\u00f6rbud mot ansvar som anges i detta avsnitt och p\u00e5 andra st\u00e4llen i denna ansvarsfriskrivning: (a) omfattas av f\u00f6reg\u00e5ende stycke; och (b) reglerar alla ansvar som uppst\u00e5r enligt ansvarsfriskrivningen, inklusive ansvar som uppst\u00e5r genom avtal, skadest\u00e5nd och brott mot lagstadgad skyldighet.<\/p>\n\n\n\n<p>S\u00e5 l\u00e4nge webbplatsen och informationen och tj\u00e4nsterna p\u00e5 webbplatsen tillhandah\u00e5lls kostnadsfritt \u00e4r vi inte ansvariga f\u00f6r n\u00e5gon f\u00f6rlust eller skada av n\u00e5got slag.<\/p>\n<\/div>\n<\/div>\n\n\n\n<div style=\"height:100px\" aria-hidden=\"true\" class=\"wp-block-spacer\"><\/div>","protected":false},"excerpt":{"rendered":"<p>Terms and Conditions Welcome to Adventure Albania! These terms and conditions outline the rules and regulations for the use of Adventure Albania&#8217;s Website, located at https:\/\/adventurealbania.com. By accessing this website we assume you accept these terms and conditions. Do not continue to use Adventure Albania if you do not agree to take all of the [&hellip;]<\/p>\n","protected":false},"author":2,"featured_media":0,"parent":0,"menu_order":0,"comment_status":"closed","ping_status":"closed","template":"","meta":{"footnotes":""},"class_list":["post-784","page","type-page","status-publish","hentry"],"acf":[],"_links":{"self":[{"href":"https:\/\/adventurealbania.com\/sv\/wp-json\/wp\/v2\/pages\/784","targetHints":{"allow":["GET"]}}],"collection":[{"href":"https:\/\/adventurealbania.com\/sv\/wp-json\/wp\/v2\/pages"}],"about":[{"href":"https:\/\/adventurealbania.com\/sv\/wp-json\/wp\/v2\/types\/page"}],"author":[{"embeddable":true,"href":"https:\/\/adventurealbania.com\/sv\/wp-json\/wp\/v2\/users\/2"}],"replies":[{"embeddable":true,"href":"https:\/\/adventurealbania.com\/sv\/wp-json\/wp\/v2\/comments?post=784"}],"version-history":[{"count":11,"href":"https:\/\/adventurealbania.com\/sv\/wp-json\/wp\/v2\/pages\/784\/revisions"}],"predecessor-version":[{"id":810,"href":"https:\/\/adventurealbania.com\/sv\/wp-json\/wp\/v2\/pages\/784\/revisions\/810"}],"wp:attachment":[{"href":"https:\/\/adventurealbania.com\/sv\/wp-json\/wp\/v2\/media?parent=784"}],"curies":[{"name":"wp","href":"https:\/\/api.w.org\/{rel}","templated":true}]}}