{"id":677,"date":"2024-06-20T07:36:40","date_gmt":"2024-06-20T07:36:40","guid":{"rendered":"https:\/\/adventurealbania.com\/?page_id=677"},"modified":"2024-08-02T16:23:00","modified_gmt":"2024-08-02T14:23:00","slug":"licensiering-av-bilder","status":"publish","type":"page","link":"https:\/\/adventurealbania.com\/sv\/photo-licensing\/","title":{"rendered":"Anv\u00e4nd mina foton"},"content":{"rendered":"<section class=\"about ptb-90\">\n    <div class=\"container\">\n        <div class=\"row align-items-center\">\n                            <div class=\"col-lg-6 order-2 order-sm-1 mt-4 mt-sm-4 mt-md-0\">\n                    <div class=\"about_img\">\n                        <img decoding=\"async\" src=\"https:\/\/adventurealbania.com\/wp-content\/uploads\/2024\/06\/Brataj-Bridge-Albanien_-27.jpg\" alt=\"om oss\" class=\"img-fluid w-100\">\n                    <\/div>\n                <\/div>\n            \n            <div class=\"col-lg-6\">\n                <div class=\"about-text\">\n                                        <div class=\"section-title mt-4 mt-lg-0\">\n                        <!--                             <h2><\/h2> -->\n\t\t\t\t\t\t<div class=\"py-3\">Fotolicens fr\u00e5n Adventure Albania<\/div>\n                                            <\/div>\n                    <p>Alla bilder som du ser p\u00e5 den h\u00e4r webbplatsen \u00e4r tagna av mig, Dirk Pohlers, om inget annat anges.<\/p>\n<p>Alla mina bilder \u00e4r licensierade under\u00a0<em>Creative Commons (CC-BY-NC 4.0)<\/em>\u00a0f\u00f6r\u00a0<strong>endast f\u00f6r icke-kommersiellt bruk.<\/strong>\u00a0Detta inneb\u00e4r att du \u00e4r fri att dela och remixa alla bilder s\u00e5 l\u00e4nge som\u00a0<strong>tillskrivning\u00a0<\/strong>till Dirk Pohlers och en do-follow-l\u00e4nk till Adventure Albania g\u00f6rs med bilden.<\/p>\n<p>Om du skulle vilja\u00a0<strong>copyright eller licens f\u00f6r n\u00e5gon bild<\/strong>\u00a0p\u00e5 denna webbplats (och f\u00e5 h\u00f6guppl\u00f6sta versioner) f\u00f6r kommersiellt bruk, v\u00e4nligen\u00a0<a href=\"mailto:dirk@adventurealbania.com\">maila mig<\/a>.<\/p>\n                        <a href=\"https:\/\/adventurealbania.com\/sv\/kontakta-oss\/\" target=\"\" class=\"btn-base btn-custom\">Kontakt<\/a>\n                    \n                <\/div>\n            <\/div>\n        <\/div>\n    <\/div>\n<\/section>\n\n\n\n<div class=\"wp-block-columns container is-layout-flex wp-container-core-columns-is-layout-9d6595d7 wp-block-columns-is-layout-flex\">\n<div class=\"wp-block-column is-layout-flow wp-block-column-is-layout-flow\">\n<p class=\"has-text-align-center\">Ta reda p\u00e5 hur du kan anv\u00e4nda mina foton f\u00f6r ditt n\u00e4sta kommersiella eller personliga projekt<\/p>\n<\/div>\n<\/div>\n\n\n\n<div class=\"wp-block-columns container is-layout-flex wp-container-core-columns-is-layout-9d6595d7 wp-block-columns-is-layout-flex\">\n<div class=\"wp-block-column is-layout-flow wp-block-column-is-layout-flow\">\n<h2 class=\"wp-block-heading has-text-align-center\">Hur man anv\u00e4nder bilder fr\u00e5n Adventure Albania<\/h2>\n<\/div>\n<\/div>\n\n\n\n<div class=\"wp-block-columns container is-layout-flex wp-container-core-columns-is-layout-9d6595d7 wp-block-columns-is-layout-flex\">\n<div class=\"wp-block-column is-layout-flow wp-block-column-is-layout-flow\">\n<figure class=\"wp-block-image size-full\"><img decoding=\"async\" width=\"1200\" height=\"900\" src=\"https:\/\/adventurealbania.com\/wp-content\/uploads\/2024\/06\/Shkoder_MesiBridge.jpg\" alt=\"Shkoder Mesi Bridge med floden\" class=\"wp-image-1524\" srcset=\"https:\/\/adventurealbania.com\/wp-content\/uploads\/2024\/06\/Shkoder_MesiBridge.jpg 1200w, https:\/\/adventurealbania.com\/wp-content\/uploads\/2024\/06\/Shkoder_MesiBridge-300x225.jpg 300w, https:\/\/adventurealbania.com\/wp-content\/uploads\/2024\/06\/Shkoder_MesiBridge-1024x768.jpg 1024w, https:\/\/adventurealbania.com\/wp-content\/uploads\/2024\/06\/Shkoder_MesiBridge-768x576.jpg 768w\" sizes=\"(max-width: 1200px) 100vw, 1200px\" \/><\/figure>\n\n\n\n<h3 class=\"wp-block-heading\">CREATIVE COMMONS: ICKE-KOMMERSIELLT<\/h3>\n\n\n\n<div style=\"height:30px\" aria-hidden=\"true\" class=\"wp-block-spacer\"><\/div>\n\n\n\n<p>Det st\u00e5r dig fritt att g\u00f6ra det:<\/p>\n\n\n\n<ul class=\"wp-block-list\">\n<li><strong>Aktie<\/strong> &nbsp;- kopiera och vidaredistribuera materialet i vilket medium eller format som helst<\/li>\n\n\n\n<li><strong>Anpassa<\/strong> - remixa, omvandla och bygga vidare p\u00e5 materialet<\/li>\n<\/ul>\n\n\n\n<p>Enligt f\u00f6ljande villkor:&nbsp;<\/p>\n\n\n\n<ul class=\"wp-block-list\">\n<li><strong>Icke-kommersiellt<\/strong>&nbsp;- Du f\u00e5r inte anv\u00e4nda materialet f\u00f6r&nbsp;<a href=\"https:\/\/creativecommons.org\/licenses\/by-nc\/4.0\/#\" target=\"_blank\" rel=\"noreferrer noopener\">kommersiella syften<\/a>.<\/li>\n\n\n\n<li><strong>Tillskrivning<\/strong>&nbsp;- Du m\u00e5ste ange Dirk Pohlers och en do-follow-l\u00e4nk till Adventure Albania tillsammans med bilden. Nedan finns en HTML-kodmall att anv\u00e4nda.<\/li>\n<\/ul>\n\n\n\n<pre class=\"wp-block-code\"><code>Foton av &lt;a href=&quot;\/sv\/&rdquo;https:\/\/adventurealbania.com\/&rdquo;\/&quot; target=&quot;&rdquo;_blank&rdquo;&quot;&gt;Dirk Pohlers fr&aring;n Adventure Albania&lt;\/a&gt;<\/code><\/pre>\n\n\n\n<p><strong>Exempel p\u00e5 till\u00e5ten anv\u00e4ndning:<\/strong><\/p>\n\n\n\n<ul class=\"wp-block-list\">\n<li>Infoga bilder i blogginl\u00e4gg<\/li>\n\n\n\n<li>Skolprojekt<\/li>\n\n\n\n<li>Enskild person som anv\u00e4nder bilden som bakgrund eller f\u00f6r personliga \u00e4ndam\u00e5l som inte delas online<\/li>\n<\/ul>\n\n\n\n<p><a href=\"https:\/\/creativecommons.org\/licenses\/by-nc\/4.0\/legalcode\" target=\"_blank\" rel=\"noreferrer noopener\"><strong>Fullst\u00e4ndig juridisk kod<\/strong><\/a><\/p>\n<\/div>\n\n\n\n<div class=\"wp-block-column is-layout-flow wp-block-column-is-layout-flow\">\n<figure class=\"wp-block-image size-full\"><img decoding=\"async\" width=\"1024\" height=\"768\" src=\"https:\/\/adventurealbania.com\/wp-content\/uploads\/2024\/06\/Shpella-e-Pellumbave-Beach.jpg\" alt=\"\" class=\"wp-image-1522\" srcset=\"https:\/\/adventurealbania.com\/wp-content\/uploads\/2024\/06\/Shpella-e-Pellumbave-Beach.jpg 1024w, https:\/\/adventurealbania.com\/wp-content\/uploads\/2024\/06\/Shpella-e-Pellumbave-Beach-300x225.jpg 300w, https:\/\/adventurealbania.com\/wp-content\/uploads\/2024\/06\/Shpella-e-Pellumbave-Beach-768x576.jpg 768w\" sizes=\"(max-width: 1024px) 100vw, 1024px\" \/><\/figure>\n\n\n\n<h3 class=\"wp-block-heading\">UPPHOVSR\u00c4TT: KOMMERSIELL LICENSIERING<\/h3>\n\n\n\n<div style=\"height:30px\" aria-hidden=\"true\" class=\"wp-block-spacer\"><\/div>\n\n\n\n<p>Som fotograf \u00e4r jag beroende av inkomster fr\u00e5n mitt fotografiska arbete. Alla mina bilder \u00e4r tillg\u00e4ngliga f\u00f6r upphovsr\u00e4tt och kommersiell licensiering f\u00f6r dina projekt.<\/p>\n\n\n\n<p>Om du vill anv\u00e4nda n\u00e5gon av mina bilder f\u00f6r kommersiella \u00e4ndam\u00e5l, v\u00e4nligen&nbsp;<a href=\"mailto:dirk@adventurealbania.com\/\" target=\"_blank\" rel=\"noreferrer noopener\">kontakta mig direkt<\/a>&nbsp;f\u00f6r en offert.&nbsp;<\/p>\n\n\n\n<p><strong>Kommersiell anv\u00e4ndning definieras som&nbsp;<\/strong>anv\u00e4nder mina bilder \"fr\u00e4mst f\u00f6r eller riktat mot kommersiell f\u00f6rdel eller monet\u00e4r ers\u00e4ttning\".<\/p>\n\n\n\n<p><strong>Exempel p\u00e5 kommersiell anv\u00e4ndning:&nbsp;<\/strong><\/p>\n\n\n\n<ul class=\"wp-block-list\">\n<li>En marknadsf\u00f6ringskampanj f\u00f6r en kommersiell enhet (inkluderar turistbyr\u00e5er, hotell, researrang\u00f6rer etc.)<\/li>\n\n\n\n<li>En insamlingskampanj f\u00f6r en icke-vinstdrivande organisation<\/li>\n\n\n\n<li>En bakgrundsbild f\u00f6r en webbplats<\/li>\n<\/ul>\n\n\n\n<p><strong><a href=\"https:\/\/adventurealbania.com\/sv\/kontakta-oss\/\">Licensiera mina bilder<\/a><\/strong><\/p>\n<\/div>\n<\/div>\n\n\n\n<div style=\"height:56px\" aria-hidden=\"true\" class=\"wp-block-spacer\"><\/div>\n\n\n\n<div class=\"wp-block-columns container is-layout-flex wp-container-core-columns-is-layout-9d6595d7 wp-block-columns-is-layout-flex\">\n<div class=\"wp-block-column is-layout-flow wp-block-column-is-layout-flow\">\n<p><strong><a href=\"https:\/\/adventurealbania.com\/sv\/blogg\/\">\u00c5terg\u00e5 till bloggen....<\/a><\/strong><\/p>\n<\/div>\n<\/div>\n\n\n\n<div style=\"height:88px\" aria-hidden=\"true\" class=\"wp-block-spacer\"><\/div>","protected":false},"excerpt":{"rendered":"<p>Find out how to use my photos for your next commercial or personal project How To Use Images From Adventure Albania CREATIVE COMMONS: NON-COMMERCIAL You are free to: Under the following terms:&nbsp; Examples of permitted use: Full legal code COPYRIGHT: COMMERCIAL LICENSING As a photographer, I rely on income generated from my photographic work. All [&hellip;]<\/p>\n","protected":false},"author":2,"featured_media":886,"parent":0,"menu_order":0,"comment_status":"closed","ping_status":"closed","template":"","meta":{"footnotes":""},"class_list":["post-677","page","type-page","status-publish","has-post-thumbnail","hentry"],"acf":[],"_links":{"self":[{"href":"https:\/\/adventurealbania.com\/sv\/wp-json\/wp\/v2\/pages\/677","targetHints":{"allow":["GET"]}}],"collection":[{"href":"https:\/\/adventurealbania.com\/sv\/wp-json\/wp\/v2\/pages"}],"about":[{"href":"https:\/\/adventurealbania.com\/sv\/wp-json\/wp\/v2\/types\/page"}],"author":[{"embeddable":true,"href":"https:\/\/adventurealbania.com\/sv\/wp-json\/wp\/v2\/users\/2"}],"replies":[{"embeddable":true,"href":"https:\/\/adventurealbania.com\/sv\/wp-json\/wp\/v2\/comments?post=677"}],"version-history":[{"count":56,"href":"https:\/\/adventurealbania.com\/sv\/wp-json\/wp\/v2\/pages\/677\/revisions"}],"predecessor-version":[{"id":2956,"href":"https:\/\/adventurealbania.com\/sv\/wp-json\/wp\/v2\/pages\/677\/revisions\/2956"}],"wp:featuredmedia":[{"embeddable":true,"href":"https:\/\/adventurealbania.com\/sv\/wp-json\/wp\/v2\/media\/886"}],"wp:attachment":[{"href":"https:\/\/adventurealbania.com\/sv\/wp-json\/wp\/v2\/media?parent=677"}],"curies":[{"name":"wp","href":"https:\/\/api.w.org\/{rel}","templated":true}]}}