{"id":9,"date":"2024-06-07T11:39:07","date_gmt":"2024-06-07T11:39:07","guid":{"rendered":"https:\/\/adventurealbania.com\/?page_id=9"},"modified":"2025-03-28T12:16:29","modified_gmt":"2025-03-28T11:16:29","slug":"o","status":"publish","type":"page","link":"https:\/\/adventurealbania.com\/pl\/about\/","title":{"rendered":"O"},"content":{"rendered":"<section class=\"ptb-90\">\n    <div class=\"container\">\n        <div class=\"row\">\n                        <div class=\"col-lg-4\">\n                <div class=\"sticky-elements\">\n\n                    <div class=\"author-card author-card-sidebar  flex-column align-items-center mb-30\">\n                                                    <h4 class=\"author-name pb-0 mb-0\">Kim jestem<\/h4>\n                                                    <div class=\"author-image m-auto\">\n                                <img decoding=\"async\" src=\"https:\/\/adventurealbania.com\/wp-content\/uploads\/2024\/06\/drik.jpg\" alt=\"autor-obrazu\">\n                            <\/div>\n                                                    <div class=\"author-content\">\n                                <p class=\"text-center mb-lg-40 mb-10\">Nazywam si\u0119 Dirk Pohlers. Ostatnie lata sp\u0119dzi\u0142em fotografuj\u0105c i dokumentuj\u0105c moje ba\u0142ka\u0144skie podr\u00f3\u017ce na Adventure Albania. Ta strona zacz\u0119\u0142a si\u0119 jako spos\u00f3b na dzielenie si\u0119 moimi przygodami i fotografiami, ale szybko sta\u0142a si\u0119 jednym z najpopularniejszych blog\u00f3w o podr\u00f3\u017cach przygodowych w regionie.<\/p>\n<p class=\"text-center\">Jako pisarz podr\u00f3\u017cniczy i fotograf opublikowa\u0142em ponad 100 przewodnik\u00f3w turystycznych, czerpi\u0105c z moich osobistych do\u015bwiadcze\u0144, aby dzieli\u0107 si\u0119 unikalnymi trasami, wskaz\u00f3wkami dotycz\u0105cymi podr\u00f3\u017cy i zakwaterowania oraz epickimi przewodnikami przygodowymi obejmuj\u0105cymi w\u0119dr\u00f3wki, punkty widokowe, pla\u017ce, wodospady i wycieczki, kt\u00f3re pomog\u0105 Ci zaplanowa\u0107 podr\u00f3\u017c.<\/p>\n                            <\/div>\n                                                <div class=\"author-socials\">\n                                                            <a href=\"https:\/\/www.facebook.com\/AbenteuerAlbanien\/\" class=\"facebook\" target=\"_blank\" rel=\"noopener\"><i class=\"fab fa-facebook-f\"><\/i><\/a>\n                                                            <a href=\"https:\/\/www.instagram.com\/albanien.reisen\/\" class=\"instagram\" target=\"_blank\" rel=\"noopener\"><i class=\"fab fa-instagram\"><\/i><\/a>\n                                                            <a href=\"https:\/\/www.linkedin.com\/in\/dirkpohlers\/\" class=\"linkedin\" target=\"_blank\" rel=\"noopener\"><i class=\"fab fa-linkedin-in\"><\/i><\/a>\n                                                            <a href=\"https:\/\/www.youtube.com\/watch?v=uXHnZa3fjyA\" class=\"youtube\" target=\"_blank\" rel=\"noopener\"><i class=\"fab fa-youtube\"><\/i><\/a>\n                            \n                        <\/div>\n\n                    <\/div>\n                <\/div>\n            <\/div>\n\n                        <div class=\"col-lg-8\">\n                <div class=\"about-page-content\">\n                    <div class=\"position-relative pb-70 mb-lg-5 mb-5\">\n                                                    <h2 class=\"mb-20 title-style-2 fix-width-post-content\">Informacje o Adventure Albania <\/h2>\n                        <p>Od najm\u0142odszych lat ci\u0105gn\u0119\u0142o mnie w szeroki \u015bwiat, by odkrywa\u0107 obce kultury, a przede wszystkim nowe rzeczy.<\/p>\n<p>Kiedy po raz pierwszy przyjecha\u0142em do Albanii, by\u0142em natychmiast zafascynowany. Taki nietkni\u0119ty i imponuj\u0105cy kraj, nawet nie dwie godziny lotu z Niemiec, by\u0142 niesamowity. Podr\u00f3\u017c zabra\u0142a mnie ze stolicy Tirany do g\u00f3rzystego krajobrazu Kor\u00e7a. Jako wyszkolony hotelarz od razu by\u0142em pod wra\u017ceniem autentycznej go\u015bcinno\u015bci ludzi i oryginalno\u015bci Albanii. Postanowi\u0142em przedstawi\u0107 pi\u0119kno Albanii niemieckoj\u0119zycznym podr\u00f3\u017cnikom poprzez piesze i kulturalne wycieczki w ma\u0142ych grupach.<\/p>\n\n\n                        <div class=\"position-relative\">\n\n                                                            <div class=\"about-post-image\">\n                                    <img decoding=\"async\" src=\"https:\/\/adventurealbania.com\/wp-content\/uploads\/2024\/06\/about.webp\" data-src=\"https:\/\/adventurealbania.com\/wp-content\/uploads\/2024\/06\/about.webp\" alt=\"blog-image\" class=\"border-rarius-14\">\n                                <\/div>\n                            \n                            <div class=\"counter-wrapper\">\n                                                                <div class=\"counter-number\">\n                                    <h6 class=\"odometer\" data-count=\"129\">0<\/h6><h5>+<\/h5>\n                                    <p>Opublikowane blogi<\/p>\n                                <\/div>\n                                                                    <div class=\"counter-number\">\n                                        <h6 class=\"odometer\" data-count=\"120000\">0<\/h6><h5>k+<\/h5>\n                                        <p>Pogl\u0105dy na blogu<\/p>\n                                    <\/div>\n                                                                    <div class=\"counter-number\">\n                                        <h6 class=\"odometer\" data-count=\"4512\">0<\/h6><h5>k+<\/h5>\n                                        <p>Subskrybent og\u00f3\u0142em<\/p>\n                                    <\/div>\n                                \n                            <\/div>\n                        <\/div>\n                    <\/div>\n\n                                            <div class=\"position-relative pb-70 mb-lg-5 mb-5\">\n                            <h3>Albania i Ba\u0142kany rzuci\u0142y na mnie sw\u00f3j urok.<\/h3>\n<p>Zbada\u0142em ka\u017cdy zak\u0105tek kraju, aby zebra\u0107 najpi\u0119kniejsze szlaki turystyczne, do\u015bwiadczenia, trasy, doznania kulinarne i ukryte tajemnice i opracowa\u0142em moje osobiste wycieczki.<\/p>\n<p>Rezultatem jest seria wycieczek i do\u015bwiadcze\u0144, kt\u00f3re k\u0142ad\u0105 szczeg\u00f3lny nacisk na indywidualne do\u015bwiadczenia. Moje ma\u0142e grupy s\u0105 ograniczone do 4 do maksymalnie 12 os\u00f3b, aby zapewni\u0107, \u017ce nasi lokalni przewodnicy mog\u0105 reagowa\u0107 na indywidualne \u017cyczenia i potrzeby oraz \u017ce do\u015bwiadczenie jest wyj\u0105tkowe dla ka\u017cdej osoby.<\/p>\n                        <\/div>\n                    \n                <\/div>\n            <\/div>\n        <\/div>\n    <\/div>\n<\/section>","protected":false},"excerpt":{"rendered":"","protected":false},"author":2,"featured_media":1195,"parent":0,"menu_order":0,"comment_status":"closed","ping_status":"closed","template":"","meta":{"footnotes":""},"class_list":["post-9","page","type-page","status-publish","has-post-thumbnail","hentry"],"acf":[],"_links":{"self":[{"href":"https:\/\/adventurealbania.com\/pl\/wp-json\/wp\/v2\/pages\/9","targetHints":{"allow":["GET"]}}],"collection":[{"href":"https:\/\/adventurealbania.com\/pl\/wp-json\/wp\/v2\/pages"}],"about":[{"href":"https:\/\/adventurealbania.com\/pl\/wp-json\/wp\/v2\/types\/page"}],"author":[{"embeddable":true,"href":"https:\/\/adventurealbania.com\/pl\/wp-json\/wp\/v2\/users\/2"}],"replies":[{"embeddable":true,"href":"https:\/\/adventurealbania.com\/pl\/wp-json\/wp\/v2\/comments?post=9"}],"version-history":[{"count":19,"href":"https:\/\/adventurealbania.com\/pl\/wp-json\/wp\/v2\/pages\/9\/revisions"}],"predecessor-version":[{"id":5955,"href":"https:\/\/adventurealbania.com\/pl\/wp-json\/wp\/v2\/pages\/9\/revisions\/5955"}],"wp:featuredmedia":[{"embeddable":true,"href":"https:\/\/adventurealbania.com\/pl\/wp-json\/wp\/v2\/media\/1195"}],"wp:attachment":[{"href":"https:\/\/adventurealbania.com\/pl\/wp-json\/wp\/v2\/media?parent=9"}],"curies":[{"name":"wp","href":"https:\/\/api.w.org\/{rel}","templated":true}]}}