{"id":677,"date":"2024-06-20T07:36:40","date_gmt":"2024-06-20T07:36:40","guid":{"rendered":"https:\/\/adventurealbania.com\/?page_id=677"},"modified":"2024-08-02T16:23:00","modified_gmt":"2024-08-02T14:23:00","slug":"licencjonowanie-zdjec","status":"publish","type":"page","link":"https:\/\/adventurealbania.com\/pl\/photo-licensing\/","title":{"rendered":"U\u017cyj moich zdj\u0119\u0107"},"content":{"rendered":"<section class=\"about ptb-90\">\n    <div class=\"container\">\n        <div class=\"row align-items-center\">\n                            <div class=\"col-lg-6 order-2 order-sm-1 mt-4 mt-sm-4 mt-md-0\">\n                    <div class=\"about_img\">\n                        <img decoding=\"async\" src=\"https:\/\/adventurealbania.com\/wp-content\/uploads\/2024\/06\/Brataj-Bridge-Albanien_-27.jpg\" alt=\"o nas\" class=\"img-fluid w-100\">\n                    <\/div>\n                <\/div>\n            \n            <div class=\"col-lg-6\">\n                <div class=\"about-text\">\n                                        <div class=\"section-title mt-4 mt-lg-0\">\n                        <!--                             <h2><\/h2> -->\n\t\t\t\t\t\t<div class=\"py-3\">Licencje na zdj\u0119cia od Adventure Albania<\/div>\n                                            <\/div>\n                    <p>Wszystkie zdj\u0119cia zamieszczone na tej stronie zosta\u0142y wykonane przeze mnie, Dirka Pohlersa, chyba \u017ce zaznaczono inaczej.<\/p>\n<p>Wszystkie moje zdj\u0119cia s\u0105 obj\u0119te licencj\u0105\u00a0<em>Creative Commons (CC-BY-NC 4.0)<\/em>\u00a0dla\u00a0<strong>wy\u0142\u0105cznie do u\u017cytku niekomercyjnego.<\/strong>\u00a0Oznacza to, \u017ce mo\u017cesz swobodnie udost\u0119pnia\u0107 i remiksowa\u0107 wszystkie obrazy, o ile\u00a0<strong>przypisanie\u00a0<\/strong>do Dirka Pohlersa, a wraz z obrazem tworzony jest link \"do follow\" do Adventure Albania.<\/p>\n<p>Je\u015bli chcesz\u00a0<strong>prawa autorskie lub licencja na dowolny obraz<\/strong>\u00a0na tej stronie (i otrzymywa\u0107 wersje w wysokiej rozdzielczo\u015bci) do u\u017cytku komercyjnego, prosimy o\u00a0<a href=\"mailto:dirk@adventurealbania.com\">napisz do mnie<\/a>.<\/p>\n                        <a href=\"https:\/\/adventurealbania.com\/pl\/skontaktuj-sie-z-nami\/\" target=\"\" class=\"btn-base btn-custom\">Kontakt<\/a>\n                    \n                <\/div>\n            <\/div>\n        <\/div>\n    <\/div>\n<\/section>\n\n\n\n<div class=\"wp-block-columns container is-layout-flex wp-container-core-columns-is-layout-9d6595d7 wp-block-columns-is-layout-flex\">\n<div class=\"wp-block-column is-layout-flow wp-block-column-is-layout-flow\">\n<p class=\"has-text-align-center\">Dowiedz si\u0119, jak wykorzysta\u0107 moje zdj\u0119cia w kolejnym projekcie komercyjnym lub osobistym<\/p>\n<\/div>\n<\/div>\n\n\n\n<div class=\"wp-block-columns container is-layout-flex wp-container-core-columns-is-layout-9d6595d7 wp-block-columns-is-layout-flex\">\n<div class=\"wp-block-column is-layout-flow wp-block-column-is-layout-flow\">\n<h2 class=\"wp-block-heading has-text-align-center\">Jak korzysta\u0107 ze zdj\u0119\u0107 z serwisu Adventure Albania<\/h2>\n<\/div>\n<\/div>\n\n\n\n<div class=\"wp-block-columns container is-layout-flex wp-container-core-columns-is-layout-9d6595d7 wp-block-columns-is-layout-flex\">\n<div class=\"wp-block-column is-layout-flow wp-block-column-is-layout-flow\">\n<figure class=\"wp-block-image size-full\"><img decoding=\"async\" width=\"1200\" height=\"900\" src=\"https:\/\/adventurealbania.com\/wp-content\/uploads\/2024\/06\/Shkoder_MesiBridge.jpg\" alt=\"Most Shkoder Mesi z rzek\u0105\" class=\"wp-image-1524\" srcset=\"https:\/\/adventurealbania.com\/wp-content\/uploads\/2024\/06\/Shkoder_MesiBridge.jpg 1200w, https:\/\/adventurealbania.com\/wp-content\/uploads\/2024\/06\/Shkoder_MesiBridge-300x225.jpg 300w, https:\/\/adventurealbania.com\/wp-content\/uploads\/2024\/06\/Shkoder_MesiBridge-1024x768.jpg 1024w, https:\/\/adventurealbania.com\/wp-content\/uploads\/2024\/06\/Shkoder_MesiBridge-768x576.jpg 768w\" sizes=\"(max-width: 1200px) 100vw, 1200px\" \/><\/figure>\n\n\n\n<h3 class=\"wp-block-heading\">CREATIVE COMMONS: NIEKOMERCYJNE<\/h3>\n\n\n\n<div style=\"height:30px\" aria-hidden=\"true\" class=\"wp-block-spacer\"><\/div>\n\n\n\n<p>U\u017cytkownik mo\u017ce:<\/p>\n\n\n\n<ul class=\"wp-block-list\">\n<li><strong>Udzia\u0142<\/strong> &nbsp;- kopiowania i redystrybucji materia\u0142\u00f3w na dowolnym no\u015bniku lub w dowolnym formacie<\/li>\n\n\n\n<li><strong>Dostosowa\u0107 si\u0119<\/strong> - remiksowa\u0107, przekszta\u0142ca\u0107 i wykorzystywa\u0107 materia\u0142<\/li>\n<\/ul>\n\n\n\n<p>Na nast\u0119puj\u0105cych warunkach:&nbsp;<\/p>\n\n\n\n<ul class=\"wp-block-list\">\n<li><strong>Niekomercyjne<\/strong>&nbsp;- U\u017cytkownik nie mo\u017ce wykorzystywa\u0107 materia\u0142\u00f3w do&nbsp;<a href=\"https:\/\/creativecommons.org\/licenses\/by-nc\/4.0\/#\" target=\"_blank\" rel=\"noreferrer noopener\">cele komercyjne<\/a>.<\/li>\n\n\n\n<li><strong>Przypisanie<\/strong>&nbsp;- Wraz z obrazem nale\u017cy poda\u0107 atrybucj\u0119 Dirka Pohlersa i link do \u015bledzenia Adventure Albania. Poni\u017cej znajduje si\u0119 szablon kodu HTML.<\/li>\n<\/ul>\n\n\n\n<pre class=\"wp-block-code\"><code>Zdj\u0119cia autorstwa &lt;a href=&quot;\/pl\/&rdquo;https:\/\/adventurealbania.com\/&rdquo;\/&quot; target=&quot;&rdquo;_blank&rdquo;&quot;&gt;Dirk Pohlers z Adventure Albania&lt;\/a&gt;<\/code><\/pre>\n\n\n\n<p><strong>Przyk\u0142ady dozwolonego u\u017cytkowania:<\/strong><\/p>\n\n\n\n<ul class=\"wp-block-list\">\n<li>Wstawianie obraz\u00f3w do wpis\u00f3w na blogu<\/li>\n\n\n\n<li>Projekty szkolne<\/li>\n\n\n\n<li>Osoba fizyczna u\u017cywaj\u0105ca obrazu jako t\u0142a lub do cel\u00f3w osobistych, nieudost\u0119pniana online<\/li>\n<\/ul>\n\n\n\n<p><a href=\"https:\/\/creativecommons.org\/licenses\/by-nc\/4.0\/legalcode\" target=\"_blank\" rel=\"noreferrer noopener\"><strong>Pe\u0142ny kodeks prawny<\/strong><\/a><\/p>\n<\/div>\n\n\n\n<div class=\"wp-block-column is-layout-flow wp-block-column-is-layout-flow\">\n<figure class=\"wp-block-image size-full\"><img decoding=\"async\" width=\"1024\" height=\"768\" src=\"https:\/\/adventurealbania.com\/wp-content\/uploads\/2024\/06\/Shpella-e-Pellumbave-Beach.jpg\" alt=\"\" class=\"wp-image-1522\" srcset=\"https:\/\/adventurealbania.com\/wp-content\/uploads\/2024\/06\/Shpella-e-Pellumbave-Beach.jpg 1024w, https:\/\/adventurealbania.com\/wp-content\/uploads\/2024\/06\/Shpella-e-Pellumbave-Beach-300x225.jpg 300w, https:\/\/adventurealbania.com\/wp-content\/uploads\/2024\/06\/Shpella-e-Pellumbave-Beach-768x576.jpg 768w\" sizes=\"(max-width: 1024px) 100vw, 1024px\" \/><\/figure>\n\n\n\n<h3 class=\"wp-block-heading\">PRAWA AUTORSKIE: LICENCJE KOMERCYJNE<\/h3>\n\n\n\n<div style=\"height:30px\" aria-hidden=\"true\" class=\"wp-block-spacer\"><\/div>\n\n\n\n<p>Jako fotograf polegam na dochodach generowanych z mojej pracy fotograficznej. Wszystkie moje zdj\u0119cia s\u0105 dost\u0119pne w ramach praw autorskich i licencji komercyjnych.<\/p>\n\n\n\n<p>Je\u015bli chcesz wykorzysta\u0107 kt\u00f3rekolwiek z moich zdj\u0119\u0107 do cel\u00f3w komercyjnych, prosz\u0119&nbsp;<a href=\"mailto:dirk@adventurealbania.com\/\" target=\"_blank\" rel=\"noreferrer noopener\">skontaktuj si\u0119 ze mn\u0105 bezpo\u015brednio<\/a>&nbsp;w celu uzyskania wyceny.&nbsp;<\/p>\n\n\n\n<p><strong>U\u017cytek komercyjny definiuje si\u0119 jako&nbsp;<\/strong>wykorzystywanie moich zdj\u0119\u0107 \"g\u0142\u00f3wnie w celu uzyskania korzy\u015bci komercyjnych lub rekompensaty pieni\u0119\u017cnej\".<\/p>\n\n\n\n<p><strong>Przyk\u0142ady zastosowa\u0144 komercyjnych:&nbsp;<\/strong><\/p>\n\n\n\n<ul class=\"wp-block-list\">\n<li>Kampania marketingowa dla podmiotu komercyjnego (w tym agencji turystycznych, hoteli, organizator\u00f3w wycieczek itp.)<\/li>\n\n\n\n<li>Kampania zbierania funduszy dla organizacji non-profit<\/li>\n\n\n\n<li>Obraz t\u0142a dla strony internetowej<\/li>\n<\/ul>\n\n\n\n<p><strong><a href=\"https:\/\/adventurealbania.com\/pl\/skontaktuj-sie-z-nami\/\">Licencjonowanie moich zdj\u0119\u0107<\/a><\/strong><\/p>\n<\/div>\n<\/div>\n\n\n\n<div style=\"height:56px\" aria-hidden=\"true\" class=\"wp-block-spacer\"><\/div>\n\n\n\n<div class=\"wp-block-columns container is-layout-flex wp-container-core-columns-is-layout-9d6595d7 wp-block-columns-is-layout-flex\">\n<div class=\"wp-block-column is-layout-flow wp-block-column-is-layout-flow\">\n<p><strong><a href=\"https:\/\/adventurealbania.com\/pl\/blog\/\">Powr\u00f3t do bloga....<\/a><\/strong><\/p>\n<\/div>\n<\/div>\n\n\n\n<div style=\"height:88px\" aria-hidden=\"true\" class=\"wp-block-spacer\"><\/div>","protected":false},"excerpt":{"rendered":"<p>Find out how to use my photos for your next commercial or personal project How To Use Images From Adventure Albania CREATIVE COMMONS: NON-COMMERCIAL You are free to: Under the following terms:&nbsp; Examples of permitted use: Full legal code COPYRIGHT: COMMERCIAL LICENSING As a photographer, I rely on income generated from my photographic work. All [&hellip;]<\/p>\n","protected":false},"author":2,"featured_media":886,"parent":0,"menu_order":0,"comment_status":"closed","ping_status":"closed","template":"","meta":{"footnotes":""},"class_list":["post-677","page","type-page","status-publish","has-post-thumbnail","hentry"],"acf":[],"_links":{"self":[{"href":"https:\/\/adventurealbania.com\/pl\/wp-json\/wp\/v2\/pages\/677","targetHints":{"allow":["GET"]}}],"collection":[{"href":"https:\/\/adventurealbania.com\/pl\/wp-json\/wp\/v2\/pages"}],"about":[{"href":"https:\/\/adventurealbania.com\/pl\/wp-json\/wp\/v2\/types\/page"}],"author":[{"embeddable":true,"href":"https:\/\/adventurealbania.com\/pl\/wp-json\/wp\/v2\/users\/2"}],"replies":[{"embeddable":true,"href":"https:\/\/adventurealbania.com\/pl\/wp-json\/wp\/v2\/comments?post=677"}],"version-history":[{"count":56,"href":"https:\/\/adventurealbania.com\/pl\/wp-json\/wp\/v2\/pages\/677\/revisions"}],"predecessor-version":[{"id":2956,"href":"https:\/\/adventurealbania.com\/pl\/wp-json\/wp\/v2\/pages\/677\/revisions\/2956"}],"wp:featuredmedia":[{"embeddable":true,"href":"https:\/\/adventurealbania.com\/pl\/wp-json\/wp\/v2\/media\/886"}],"wp:attachment":[{"href":"https:\/\/adventurealbania.com\/pl\/wp-json\/wp\/v2\/media?parent=677"}],"curies":[{"name":"wp","href":"https:\/\/api.w.org\/{rel}","templated":true}]}}