{"id":9,"date":"2024-06-07T11:39:07","date_gmt":"2024-06-07T11:39:07","guid":{"rendered":"https:\/\/adventurealbania.com\/?page_id=9"},"modified":"2025-03-28T12:16:29","modified_gmt":"2025-03-28T11:16:29","slug":"circa","status":"publish","type":"page","link":"https:\/\/adventurealbania.com\/it\/about\/","title":{"rendered":"Circa"},"content":{"rendered":"<section class=\"ptb-90\">\n    <div class=\"container\">\n        <div class=\"row\">\n                        <div class=\"col-lg-4\">\n                <div class=\"sticky-elements\">\n\n                    <div class=\"author-card author-card-sidebar  flex-column align-items-center mb-30\">\n                                                    <h4 class=\"author-name pb-0 mb-0\">Chi sono<\/h4>\n                                                    <div class=\"author-image m-auto\">\n                                <img decoding=\"async\" src=\"https:\/\/adventurealbania.com\/wp-content\/uploads\/2024\/06\/drik.jpg\" alt=\"autore-immagine\">\n                            <\/div>\n                                                    <div class=\"author-content\">\n                                <p class=\"text-center mb-lg-40 mb-10\">Mi chiamo Dirk Pohlers. Negli ultimi anni ho fotografato e documentato i miei viaggi nei Balcani su Adventure Albania. Questo sito \u00e8 nato come un modo per condividere le mie avventure e le mie fotografie, ma \u00e8 cresciuto rapidamente fino a diventare uno dei blog di viaggi d'avventura pi\u00f9 popolari della regione.<\/p>\n<p class=\"text-center\">Come scrittrice e fotografa di viaggi, ho pubblicato oltre 100 guide di viaggio, attingendo alla mia esperienza personale per condividere itinerari unici, consigli di viaggio e di alloggio, e guide epiche all'avventura che coprono escursioni, punti panoramici, spiagge, cascate e tour per aiutarvi a pianificare il vostro viaggio.<\/p>\n                            <\/div>\n                                                <div class=\"author-socials\">\n                                                            <a href=\"https:\/\/www.facebook.com\/AbenteuerAlbanien\/\" class=\"facebook\" target=\"_blank\" rel=\"noopener\"><i class=\"fab fa-facebook-f\"><\/i><\/a>\n                                                            <a href=\"https:\/\/www.instagram.com\/albanien.reisen\/\" class=\"instagram\" target=\"_blank\" rel=\"noopener\"><i class=\"fab fa-instagram\"><\/i><\/a>\n                                                            <a href=\"https:\/\/www.linkedin.com\/in\/dirkpohlers\/\" class=\"linkedin\" target=\"_blank\" rel=\"noopener\"><i class=\"fab fa-linkedin-in\"><\/i><\/a>\n                                                            <a href=\"https:\/\/www.youtube.com\/watch?v=uXHnZa3fjyA\" class=\"youtube\" target=\"_blank\" rel=\"noopener\"><i class=\"fab fa-youtube\"><\/i><\/a>\n                            \n                        <\/div>\n\n                    <\/div>\n                <\/div>\n            <\/div>\n\n                        <div class=\"col-lg-8\">\n                <div class=\"about-page-content\">\n                    <div class=\"position-relative pb-70 mb-lg-5 mb-5\">\n                                                    <h2 class=\"mb-20 title-style-2 fix-width-post-content\">Informazioni su Adventure Albania <\/h2>\n                        <p>Fin da piccola sono stata attratta dal mondo intero per scoprire culture straniere e, soprattutto, cose nuove.<\/p>\n<p>Quando sono arrivata in Albania per la prima volta, sono rimasta subito affascinata. Un Paese cos\u00ec incontaminato e impressionante, a neanche due ore di volo dalla Germania, era incredibile. Il viaggio mi ha portato dalla capitale Tirana al paesaggio montuoso di Kor\u00e7a. Essendo un albergatore di formazione, sono rimasto subito colpito dall'autentica ospitalit\u00e0 della gente e dall'originalit\u00e0 dell'Albania. Ho deciso di far conoscere le bellezze dell'Albania ai viaggiatori di lingua tedesca attraverso escursioni e tour culturali in piccoli gruppi.<\/p>\n\n\n                        <div class=\"position-relative\">\n\n                                                            <div class=\"about-post-image\">\n                                    <img decoding=\"async\" src=\"https:\/\/adventurealbania.com\/wp-content\/uploads\/2024\/06\/about.webp\" data-src=\"https:\/\/adventurealbania.com\/wp-content\/uploads\/2024\/06\/about.webp\" alt=\"blog-immagine\" class=\"border-rarius-14\">\n                                <\/div>\n                            \n                            <div class=\"counter-wrapper\">\n                                                                <div class=\"counter-number\">\n                                    <h6 class=\"odometer\" data-count=\"129\">0<\/h6><h5>+<\/h5>\n                                    <p>Blog pubblicati<\/p>\n                                <\/div>\n                                                                    <div class=\"counter-number\">\n                                        <h6 class=\"odometer\" data-count=\"120000\">0<\/h6><h5>k+<\/h5>\n                                        <p>Opinioni sul blog<\/p>\n                                    <\/div>\n                                                                    <div class=\"counter-number\">\n                                        <h6 class=\"odometer\" data-count=\"4512\">0<\/h6><h5>k+<\/h5>\n                                        <p>Totale abbonati<\/p>\n                                    <\/div>\n                                \n                            <\/div>\n                        <\/div>\n                    <\/div>\n\n                                            <div class=\"position-relative pb-70 mb-lg-5 mb-5\">\n                            <h3>L'Albania e i Balcani mi hanno incantato.<\/h3>\n<p>Ho esplorato ogni angolo del Paese per raccogliere i pi\u00f9 bei sentieri, esperienze, percorsi, esperienze culinarie e segreti nascosti e ho sviluppato i miei tour personali.<\/p>\n<p>Il risultato \u00e8 una serie di tour ed esperienze che pongono particolare enfasi sulle esperienze individuali. I miei piccoli gruppi sono limitati da 4 a un massimo di 12 persone per garantire che le nostre guide locali possano rispondere ai desideri e alle esigenze individuali e che l'esperienza sia molto speciale per ogni individuo.<\/p>\n                        <\/div>\n                    \n                <\/div>\n            <\/div>\n        <\/div>\n    <\/div>\n<\/section>","protected":false},"excerpt":{"rendered":"","protected":false},"author":2,"featured_media":1195,"parent":0,"menu_order":0,"comment_status":"closed","ping_status":"closed","template":"","meta":{"footnotes":""},"class_list":["post-9","page","type-page","status-publish","has-post-thumbnail","hentry"],"acf":[],"_links":{"self":[{"href":"https:\/\/adventurealbania.com\/it\/wp-json\/wp\/v2\/pages\/9","targetHints":{"allow":["GET"]}}],"collection":[{"href":"https:\/\/adventurealbania.com\/it\/wp-json\/wp\/v2\/pages"}],"about":[{"href":"https:\/\/adventurealbania.com\/it\/wp-json\/wp\/v2\/types\/page"}],"author":[{"embeddable":true,"href":"https:\/\/adventurealbania.com\/it\/wp-json\/wp\/v2\/users\/2"}],"replies":[{"embeddable":true,"href":"https:\/\/adventurealbania.com\/it\/wp-json\/wp\/v2\/comments?post=9"}],"version-history":[{"count":19,"href":"https:\/\/adventurealbania.com\/it\/wp-json\/wp\/v2\/pages\/9\/revisions"}],"predecessor-version":[{"id":5955,"href":"https:\/\/adventurealbania.com\/it\/wp-json\/wp\/v2\/pages\/9\/revisions\/5955"}],"wp:featuredmedia":[{"embeddable":true,"href":"https:\/\/adventurealbania.com\/it\/wp-json\/wp\/v2\/media\/1195"}],"wp:attachment":[{"href":"https:\/\/adventurealbania.com\/it\/wp-json\/wp\/v2\/media?parent=9"}],"curies":[{"name":"wp","href":"https:\/\/api.w.org\/{rel}","templated":true}]}}