{"id":9,"date":"2024-06-07T11:39:07","date_gmt":"2024-06-07T11:39:07","guid":{"rendered":"https:\/\/adventurealbania.com\/?page_id=9"},"modified":"2025-03-28T12:16:29","modified_gmt":"2025-03-28T11:16:29","slug":"a-propos-de","status":"publish","type":"page","link":"https:\/\/adventurealbania.com\/fr\/about\/","title":{"rendered":"A propos de"},"content":{"rendered":"<section class=\"ptb-90\">\n    <div class=\"container\">\n        <div class=\"row\">\n                        <div class=\"col-lg-4\">\n                <div class=\"sticky-elements\">\n\n                    <div class=\"author-card author-card-sidebar  flex-column align-items-center mb-30\">\n                                                    <h4 class=\"author-name pb-0 mb-0\">Qui suis-je ?<\/h4>\n                                                    <div class=\"author-image m-auto\">\n                                <img decoding=\"async\" src=\"https:\/\/adventurealbania.com\/wp-content\/uploads\/2024\/06\/drik.jpg\" alt=\"image-auteur\">\n                            <\/div>\n                                                    <div class=\"author-content\">\n                                <p class=\"text-center mb-lg-40 mb-10\">Je m'appelle Dirk Pohlers. J'ai pass\u00e9 ces derni\u00e8res ann\u00e9es \u00e0 photographier et \u00e0 documenter mes voyages dans les Balkans sur Adventure Albania. Ce site a commenc\u00e9 comme un moyen de partager mes aventures et mes photographies, mais il s'est rapidement d\u00e9velopp\u00e9 pour devenir l'un des blogs de voyage d'aventure les plus populaires de la r\u00e9gion.<\/p>\n<p class=\"text-center\">En tant qu'auteur et photographe de voyage, j'ai publi\u00e9 plus de 100 guides de voyage, en m'appuyant sur mon exp\u00e9rience personnelle pour partager des itin\u00e9raires uniques, des conseils de voyage et d'h\u00e9bergement, et des guides d'aventures \u00e9piques couvrant les randonn\u00e9es, les points de vue, les plages, les chutes d'eau et les circuits pour vous aider \u00e0 planifier votre voyage.<\/p>\n                            <\/div>\n                                                <div class=\"author-socials\">\n                                                            <a href=\"https:\/\/www.facebook.com\/AbenteuerAlbanien\/\" class=\"facebook\" target=\"_blank\" rel=\"noopener\"><i class=\"fab fa-facebook-f\"><\/i><\/a>\n                                                            <a href=\"https:\/\/www.instagram.com\/albanien.reisen\/\" class=\"instagram\" target=\"_blank\" rel=\"noopener\"><i class=\"fab fa-instagram\"><\/i><\/a>\n                                                            <a href=\"https:\/\/www.linkedin.com\/in\/dirkpohlers\/\" class=\"linkedin\" target=\"_blank\" rel=\"noopener\"><i class=\"fab fa-linkedin-in\"><\/i><\/a>\n                                                            <a href=\"https:\/\/www.youtube.com\/watch?v=uXHnZa3fjyA\" class=\"youtube\" target=\"_blank\" rel=\"noopener\"><i class=\"fab fa-youtube\"><\/i><\/a>\n                            \n                        <\/div>\n\n                    <\/div>\n                <\/div>\n            <\/div>\n\n                        <div class=\"col-lg-8\">\n                <div class=\"about-page-content\">\n                    <div class=\"position-relative pb-70 mb-lg-5 mb-5\">\n                                                    <h2 class=\"mb-20 title-style-2 fix-width-post-content\">A propos d'Adventure Albania <\/h2>\n                        <p>D\u00e8s mon plus jeune \u00e2ge, j'ai \u00e9t\u00e9 attir\u00e9e par le vaste monde pour d\u00e9couvrir des cultures \u00e9trang\u00e8res et, surtout, de nouvelles choses.<\/p>\n<p>Lorsque je suis arriv\u00e9 pour la premi\u00e8re fois en Albanie, j'ai tout de suite \u00e9t\u00e9 fascin\u00e9. Un pays aussi intact et impressionnant, \u00e0 moins de deux heures de vol de l'Allemagne, c'\u00e9tait incroyable. Le voyage m'a men\u00e9 de la capitale Tirana au paysage montagneux de Kor\u00e7a. En tant qu'h\u00f4telier de formation, j'ai \u00e9t\u00e9 imm\u00e9diatement impressionn\u00e9 par l'hospitalit\u00e9 authentique des gens et l'originalit\u00e9 de l'Albanie. J'ai d\u00e9cid\u00e9 de faire d\u00e9couvrir la beaut\u00e9 de l'Albanie aux voyageurs germanophones par le biais de randonn\u00e9es et de visites culturelles en petits groupes.<\/p>\n\n\n                        <div class=\"position-relative\">\n\n                                                            <div class=\"about-post-image\">\n                                    <img decoding=\"async\" src=\"https:\/\/adventurealbania.com\/wp-content\/uploads\/2024\/06\/about.webp\" data-src=\"https:\/\/adventurealbania.com\/wp-content\/uploads\/2024\/06\/about.webp\" alt=\"blog-image\" class=\"border-rarius-14\">\n                                <\/div>\n                            \n                            <div class=\"counter-wrapper\">\n                                                                <div class=\"counter-number\">\n                                    <h6 class=\"odometer\" data-count=\"129\">0<\/h6><h5>+<\/h5>\n                                    <p>Blogs publi\u00e9s<\/p>\n                                <\/div>\n                                                                    <div class=\"counter-number\">\n                                        <h6 class=\"odometer\" data-count=\"120000\">0<\/h6><h5>k+<\/h5>\n                                        <p>Points de vue sur le blog<\/p>\n                                    <\/div>\n                                                                    <div class=\"counter-number\">\n                                        <h6 class=\"odometer\" data-count=\"4512\">0<\/h6><h5>k+<\/h5>\n                                        <p>Total des abonn\u00e9s<\/p>\n                                    <\/div>\n                                \n                            <\/div>\n                        <\/div>\n                    <\/div>\n\n                                            <div class=\"position-relative pb-70 mb-lg-5 mb-5\">\n                            <h3>L'Albanie et les Balkans m'ont envo\u00fbt\u00e9.<\/h3>\n<p>J'ai explor\u00e9 tous les coins du pays pour recueillir les plus beaux sentiers de randonn\u00e9e, les exp\u00e9riences, les routes, les exp\u00e9riences culinaires et les secrets cach\u00e9s, et j'ai d\u00e9velopp\u00e9 mes propres circuits.<\/p>\n<p>Le r\u00e9sultat est une s\u00e9rie de circuits et d'exp\u00e9riences qui mettent l'accent sur les exp\u00e9riences individuelles. Mes petits groupes sont limit\u00e9s \u00e0 4 ou 12 personnes au maximum afin que nos guides locaux puissent r\u00e9pondre aux souhaits et aux besoins de chacun et que l'exp\u00e9rience soit tr\u00e8s sp\u00e9ciale pour chaque individu.<\/p>\n                        <\/div>\n                    \n                <\/div>\n            <\/div>\n        <\/div>\n    <\/div>\n<\/section>","protected":false},"excerpt":{"rendered":"","protected":false},"author":2,"featured_media":1195,"parent":0,"menu_order":0,"comment_status":"closed","ping_status":"closed","template":"","meta":{"footnotes":""},"class_list":["post-9","page","type-page","status-publish","has-post-thumbnail","hentry"],"acf":[],"_links":{"self":[{"href":"https:\/\/adventurealbania.com\/fr\/wp-json\/wp\/v2\/pages\/9","targetHints":{"allow":["GET"]}}],"collection":[{"href":"https:\/\/adventurealbania.com\/fr\/wp-json\/wp\/v2\/pages"}],"about":[{"href":"https:\/\/adventurealbania.com\/fr\/wp-json\/wp\/v2\/types\/page"}],"author":[{"embeddable":true,"href":"https:\/\/adventurealbania.com\/fr\/wp-json\/wp\/v2\/users\/2"}],"replies":[{"embeddable":true,"href":"https:\/\/adventurealbania.com\/fr\/wp-json\/wp\/v2\/comments?post=9"}],"version-history":[{"count":19,"href":"https:\/\/adventurealbania.com\/fr\/wp-json\/wp\/v2\/pages\/9\/revisions"}],"predecessor-version":[{"id":5955,"href":"https:\/\/adventurealbania.com\/fr\/wp-json\/wp\/v2\/pages\/9\/revisions\/5955"}],"wp:featuredmedia":[{"embeddable":true,"href":"https:\/\/adventurealbania.com\/fr\/wp-json\/wp\/v2\/media\/1195"}],"wp:attachment":[{"href":"https:\/\/adventurealbania.com\/fr\/wp-json\/wp\/v2\/media?parent=9"}],"curies":[{"name":"wp","href":"https:\/\/api.w.org\/{rel}","templated":true}]}}