{"id":677,"date":"2024-06-20T07:36:40","date_gmt":"2024-06-20T07:36:40","guid":{"rendered":"https:\/\/adventurealbania.com\/?page_id=677"},"modified":"2024-08-02T16:23:00","modified_gmt":"2024-08-02T14:23:00","slug":"licences-de-photos","status":"publish","type":"page","link":"https:\/\/adventurealbania.com\/fr\/photo-licensing\/","title":{"rendered":"Utiliser mes photos"},"content":{"rendered":"<section class=\"about ptb-90\">\n    <div class=\"container\">\n        <div class=\"row align-items-center\">\n                            <div class=\"col-lg-6 order-2 order-sm-1 mt-4 mt-sm-4 mt-md-0\">\n                    <div class=\"about_img\">\n                        <img decoding=\"async\" src=\"https:\/\/adventurealbania.com\/wp-content\/uploads\/2024\/06\/Brataj-Bridge-Albanien_-27.jpg\" alt=\"\u00e0 propos de nous\" class=\"img-fluid w-100\">\n                    <\/div>\n                <\/div>\n            \n            <div class=\"col-lg-6\">\n                <div class=\"about-text\">\n                                        <div class=\"section-title mt-4 mt-lg-0\">\n                        <!--                             <h2><\/h2> -->\n\t\t\t\t\t\t<div class=\"py-3\">Licence photo d'Adventure Albania<\/div>\n                                            <\/div>\n                    <p>Toutes les images affich\u00e9es sur ce site Web ont \u00e9t\u00e9 prises par moi, Dirk Pohlers, sauf indication contraire.<\/p>\n<p>Toutes mes images sont sous licence\u00a0<em>Creative Commons (CC-BY-NC 4.0)<\/em>\u00a0pour\u00a0<strong>usage non commercial uniquement.<\/strong>\u00a0Cela signifie que vous \u00eates libre de partager et de remixer toutes les images \u00e0 condition que\u00a0<strong>attribution\u00a0<\/strong>\u00e0 Dirk Pohlers et un lien do-follow vers Adventure Albania est cr\u00e9\u00e9 avec l'image.<\/p>\n<p>Si vous souhaitez\u00a0<strong>le droit d'auteur ou la licence d'utilisation d'une image<\/strong>\u00a0sur ce site web (et recevoir des versions haute d\u00e9finition) pour un usage commercial, veuillez\u00a0<a href=\"mailto:dirk@adventurealbania.com\">m'envoyer un courriel<\/a>.<\/p>\n                        <a href=\"https:\/\/adventurealbania.com\/fr\/nous-contacter\/\" target=\"\" class=\"btn-base btn-custom\">Contact<\/a>\n                    \n                <\/div>\n            <\/div>\n        <\/div>\n    <\/div>\n<\/section>\n\n\n\n<div class=\"wp-block-columns container is-layout-flex wp-container-core-columns-is-layout-9d6595d7 wp-block-columns-is-layout-flex\">\n<div class=\"wp-block-column is-layout-flow wp-block-column-is-layout-flow\">\n<p class=\"has-text-align-center\">D\u00e9couvrez comment utiliser mes photos pour votre prochain projet commercial ou personnel.<\/p>\n<\/div>\n<\/div>\n\n\n\n<div class=\"wp-block-columns container is-layout-flex wp-container-core-columns-is-layout-9d6595d7 wp-block-columns-is-layout-flex\">\n<div class=\"wp-block-column is-layout-flow wp-block-column-is-layout-flow\">\n<h2 class=\"wp-block-heading has-text-align-center\">Comment utiliser les images d'Adventure Albania<\/h2>\n<\/div>\n<\/div>\n\n\n\n<div class=\"wp-block-columns container is-layout-flex wp-container-core-columns-is-layout-9d6595d7 wp-block-columns-is-layout-flex\">\n<div class=\"wp-block-column is-layout-flow wp-block-column-is-layout-flow\">\n<figure class=\"wp-block-image size-full\"><img decoding=\"async\" width=\"1200\" height=\"900\" src=\"https:\/\/adventurealbania.com\/wp-content\/uploads\/2024\/06\/Shkoder_MesiBridge.jpg\" alt=\"Pont de Shkoder Mesi avec la rivi\u00e8re\" class=\"wp-image-1524\" srcset=\"https:\/\/adventurealbania.com\/wp-content\/uploads\/2024\/06\/Shkoder_MesiBridge.jpg 1200w, https:\/\/adventurealbania.com\/wp-content\/uploads\/2024\/06\/Shkoder_MesiBridge-300x225.jpg 300w, https:\/\/adventurealbania.com\/wp-content\/uploads\/2024\/06\/Shkoder_MesiBridge-1024x768.jpg 1024w, https:\/\/adventurealbania.com\/wp-content\/uploads\/2024\/06\/Shkoder_MesiBridge-768x576.jpg 768w\" sizes=\"(max-width: 1200px) 100vw, 1200px\" \/><\/figure>\n\n\n\n<h3 class=\"wp-block-heading\">CREATIVE COMMONS : NON COMMERCIAL<\/h3>\n\n\n\n<div style=\"height:30px\" aria-hidden=\"true\" class=\"wp-block-spacer\"><\/div>\n\n\n\n<p>Vous \u00eates libre de :<\/p>\n\n\n\n<ul class=\"wp-block-list\">\n<li><strong>Partager<\/strong> &nbsp;- copier et redistribuer le mat\u00e9riel sur n'importe quel support ou dans n'importe quel format<\/li>\n\n\n\n<li><strong>Adapter<\/strong> - remixer, transformer et construire \u00e0 partir du mat\u00e9riel<\/li>\n<\/ul>\n\n\n\n<p>Dans les conditions suivantes :&nbsp;<\/p>\n\n\n\n<ul class=\"wp-block-list\">\n<li><strong>Non commercial<\/strong>&nbsp;- Vous ne pouvez pas utiliser le mat\u00e9riel pour&nbsp;<a href=\"https:\/\/creativecommons.org\/licenses\/by-nc\/4.0\/#\" target=\"_blank\" rel=\"noreferrer noopener\">\u00e0 des fins commerciales<\/a>.<\/li>\n\n\n\n<li><strong>Attribution<\/strong>&nbsp;- Vous devez attribuer l'image \u00e0 Dirk Pohlers et fournir un lien do-follow vers Adventure Albania. Vous trouverez ci-dessous un mod\u00e8le de code HTML \u00e0 utiliser.<\/li>\n<\/ul>\n\n\n\n<pre class=\"wp-block-code\"><code>Photos de &lt;a href=&quot;\/fr\/&rdquo;https:\/\/adventurealbania.com\/&rdquo;\/&quot; target=&quot;&rdquo;_blank&rdquo;&quot;&gt;Dirk Pohlers d&#039;Adventure Albania&lt;\/a&gt;<\/code><\/pre>\n\n\n\n<p><strong>Exemples d'utilisation autoris\u00e9e :<\/strong><\/p>\n\n\n\n<ul class=\"wp-block-list\">\n<li>Ins\u00e9rer des images dans les articles de blog<\/li>\n\n\n\n<li>Projets scolaires<\/li>\n\n\n\n<li>Personne utilisant l'image comme fond d'\u00e9cran ou \u00e0 des fins personnelles, sans la partager en ligne<\/li>\n<\/ul>\n\n\n\n<p><a href=\"https:\/\/creativecommons.org\/licenses\/by-nc\/4.0\/legalcode\" target=\"_blank\" rel=\"noreferrer noopener\"><strong>Code juridique complet<\/strong><\/a><\/p>\n<\/div>\n\n\n\n<div class=\"wp-block-column is-layout-flow wp-block-column-is-layout-flow\">\n<figure class=\"wp-block-image size-full\"><img decoding=\"async\" width=\"1024\" height=\"768\" src=\"https:\/\/adventurealbania.com\/wp-content\/uploads\/2024\/06\/Shpella-e-Pellumbave-Beach.jpg\" alt=\"\" class=\"wp-image-1522\" srcset=\"https:\/\/adventurealbania.com\/wp-content\/uploads\/2024\/06\/Shpella-e-Pellumbave-Beach.jpg 1024w, https:\/\/adventurealbania.com\/wp-content\/uploads\/2024\/06\/Shpella-e-Pellumbave-Beach-300x225.jpg 300w, https:\/\/adventurealbania.com\/wp-content\/uploads\/2024\/06\/Shpella-e-Pellumbave-Beach-768x576.jpg 768w\" sizes=\"(max-width: 1024px) 100vw, 1024px\" \/><\/figure>\n\n\n\n<h3 class=\"wp-block-heading\">DROIT D'AUTEUR : LICENCES COMMERCIALES<\/h3>\n\n\n\n<div style=\"height:30px\" aria-hidden=\"true\" class=\"wp-block-spacer\"><\/div>\n\n\n\n<p>En tant que photographe, je compte sur les revenus g\u00e9n\u00e9r\u00e9s par mon travail photographique. Toutes mes images sont disponibles pour des droits d'auteur et des licences commerciales pour vos projets.<\/p>\n\n\n\n<p>Si vous souhaitez utiliser l'une de mes images \u00e0 des fins commerciales, veuillez&nbsp;<a href=\"mailto:dirk@adventurealbania.com\/\" target=\"_blank\" rel=\"noreferrer noopener\">me contacter directement<\/a>&nbsp;pour un devis.&nbsp;<\/p>\n\n\n\n<p><strong>L'usage commercial est d\u00e9fini comme&nbsp;<\/strong>utiliser mes images \"principalement pour ou en vue d'un avantage commercial ou d'une compensation mon\u00e9taire\".<\/p>\n\n\n\n<p><strong>Exemples d'utilisation commerciale :&nbsp;<\/strong><\/p>\n\n\n\n<ul class=\"wp-block-list\">\n<li>Une campagne de marketing pour une entit\u00e9 commerciale (y compris les offices de tourisme, les h\u00f4tels, les voyagistes, etc.)<\/li>\n\n\n\n<li>Une campagne de collecte de fonds pour une entit\u00e9 \u00e0 but non lucratif<\/li>\n\n\n\n<li>Une image d'arri\u00e8re-plan pour un site web<\/li>\n<\/ul>\n\n\n\n<p><strong><a href=\"https:\/\/adventurealbania.com\/fr\/nous-contacter\/\">Licence de mes images<\/a><\/strong><\/p>\n<\/div>\n<\/div>\n\n\n\n<div style=\"height:56px\" aria-hidden=\"true\" class=\"wp-block-spacer\"><\/div>\n\n\n\n<div class=\"wp-block-columns container is-layout-flex wp-container-core-columns-is-layout-9d6595d7 wp-block-columns-is-layout-flex\">\n<div class=\"wp-block-column is-layout-flow wp-block-column-is-layout-flow\">\n<p><strong><a href=\"https:\/\/adventurealbania.com\/fr\/blog\/\">Retour au blog....<\/a><\/strong><\/p>\n<\/div>\n<\/div>\n\n\n\n<div style=\"height:88px\" aria-hidden=\"true\" class=\"wp-block-spacer\"><\/div>","protected":false},"excerpt":{"rendered":"<p>Find out how to use my photos for your next commercial or personal project How To Use Images From Adventure Albania CREATIVE COMMONS: NON-COMMERCIAL You are free to: Under the following terms:&nbsp; Examples of permitted use: Full legal code COPYRIGHT: COMMERCIAL LICENSING As a photographer, I rely on income generated from my photographic work. All [&hellip;]<\/p>\n","protected":false},"author":2,"featured_media":886,"parent":0,"menu_order":0,"comment_status":"closed","ping_status":"closed","template":"","meta":{"footnotes":""},"class_list":["post-677","page","type-page","status-publish","has-post-thumbnail","hentry"],"acf":[],"_links":{"self":[{"href":"https:\/\/adventurealbania.com\/fr\/wp-json\/wp\/v2\/pages\/677","targetHints":{"allow":["GET"]}}],"collection":[{"href":"https:\/\/adventurealbania.com\/fr\/wp-json\/wp\/v2\/pages"}],"about":[{"href":"https:\/\/adventurealbania.com\/fr\/wp-json\/wp\/v2\/types\/page"}],"author":[{"embeddable":true,"href":"https:\/\/adventurealbania.com\/fr\/wp-json\/wp\/v2\/users\/2"}],"replies":[{"embeddable":true,"href":"https:\/\/adventurealbania.com\/fr\/wp-json\/wp\/v2\/comments?post=677"}],"version-history":[{"count":56,"href":"https:\/\/adventurealbania.com\/fr\/wp-json\/wp\/v2\/pages\/677\/revisions"}],"predecessor-version":[{"id":2956,"href":"https:\/\/adventurealbania.com\/fr\/wp-json\/wp\/v2\/pages\/677\/revisions\/2956"}],"wp:featuredmedia":[{"embeddable":true,"href":"https:\/\/adventurealbania.com\/fr\/wp-json\/wp\/v2\/media\/886"}],"wp:attachment":[{"href":"https:\/\/adventurealbania.com\/fr\/wp-json\/wp\/v2\/media?parent=677"}],"curies":[{"name":"wp","href":"https:\/\/api.w.org\/{rel}","templated":true}]}}