{"id":9,"date":"2024-06-07T11:39:07","date_gmt":"2024-06-07T11:39:07","guid":{"rendered":"https:\/\/adventurealbania.com\/?page_id=9"},"modified":"2025-03-28T12:16:29","modified_gmt":"2025-03-28T11:16:29","slug":"acerca-de","status":"publish","type":"page","link":"https:\/\/adventurealbania.com\/es\/about\/","title":{"rendered":"Acerca de"},"content":{"rendered":"<section class=\"ptb-90\">\n    <div class=\"container\">\n        <div class=\"row\">\n                        <div class=\"col-lg-4\">\n                <div class=\"sticky-elements\">\n\n                    <div class=\"author-card author-card-sidebar  flex-column align-items-center mb-30\">\n                                                    <h4 class=\"author-name pb-0 mb-0\">Qui\u00e9n soy<\/h4>\n                                                    <div class=\"author-image m-auto\">\n                                <img decoding=\"async\" src=\"https:\/\/adventurealbania.com\/wp-content\/uploads\/2024\/06\/drik.jpg\" alt=\"autor-imagen\">\n                            <\/div>\n                                                    <div class=\"author-content\">\n                                <p class=\"text-center mb-lg-40 mb-10\">Me llamo Dirk Pohlers. Llevo a\u00f1os fotografiando y documentando mis viajes por los Balcanes en Adventure Albania. Este sitio empez\u00f3 como una forma de compartir mis aventuras y fotograf\u00edas, pero r\u00e1pidamente se ha convertido en uno de los blogs de viajes de aventura m\u00e1s populares de la regi\u00f3n.<\/p>\n<p class=\"text-center\">Como escritora de viajes y fot\u00f3grafa, he publicado m\u00e1s de 100 gu\u00edas de viaje, bas\u00e1ndome en mi experiencia personal para compartir itinerarios \u00fanicos, consejos de viaje y alojamiento, y gu\u00edas de aventuras \u00e9picas que cubren caminatas, miradores, playas, cascadas y excursiones para ayudarle a planificar su viaje.<\/p>\n                            <\/div>\n                                                <div class=\"author-socials\">\n                                                            <a href=\"https:\/\/www.facebook.com\/AbenteuerAlbanien\/\" class=\"facebook\" target=\"_blank\" rel=\"noopener\"><i class=\"fab fa-facebook-f\"><\/i><\/a>\n                                                            <a href=\"https:\/\/www.instagram.com\/albanien.reisen\/\" class=\"instagram\" target=\"_blank\" rel=\"noopener\"><i class=\"fab fa-instagram\"><\/i><\/a>\n                                                            <a href=\"https:\/\/www.linkedin.com\/in\/dirkpohlers\/\" class=\"linkedin\" target=\"_blank\" rel=\"noopener\"><i class=\"fab fa-linkedin-in\"><\/i><\/a>\n                                                            <a href=\"https:\/\/www.youtube.com\/watch?v=uXHnZa3fjyA\" class=\"youtube\" target=\"_blank\" rel=\"noopener\"><i class=\"fab fa-youtube\"><\/i><\/a>\n                            \n                        <\/div>\n\n                    <\/div>\n                <\/div>\n            <\/div>\n\n                        <div class=\"col-lg-8\">\n                <div class=\"about-page-content\">\n                    <div class=\"position-relative pb-70 mb-lg-5 mb-5\">\n                                                    <h2 class=\"mb-20 title-style-2 fix-width-post-content\">Acerca de Adventure Albania <\/h2>\n                        <p>Desde muy joven me sent\u00ed atra\u00eddo por el mundo para descubrir culturas extranjeras y, sobre todo, cosas nuevas.<\/p>\n<p>Cuando llegu\u00e9 por primera vez a Albania, qued\u00e9 fascinada de inmediato. Un pa\u00eds tan virgen e impresionante, a menos de dos horas de vuelo de Alemania, era incre\u00edble. El viaje me llev\u00f3 desde la capital, Tirana, hasta el paisaje monta\u00f1oso de Kor\u00e7a. Como hotelero de formaci\u00f3n, enseguida me impresion\u00f3 la aut\u00e9ntica hospitalidad de la gente y la originalidad de Albania. Decid\u00ed dar a conocer la belleza de Albania a los viajeros de habla alemana mediante excursiones de senderismo y culturales en peque\u00f1os grupos.<\/p>\n\n\n                        <div class=\"position-relative\">\n\n                                                            <div class=\"about-post-image\">\n                                    <img decoding=\"async\" src=\"https:\/\/adventurealbania.com\/wp-content\/uploads\/2024\/06\/about.webp\" data-src=\"https:\/\/adventurealbania.com\/wp-content\/uploads\/2024\/06\/about.webp\" alt=\"blog-image\" class=\"border-rarius-14\">\n                                <\/div>\n                            \n                            <div class=\"counter-wrapper\">\n                                                                <div class=\"counter-number\">\n                                    <h6 class=\"odometer\" data-count=\"129\">0<\/h6><h5>+<\/h5>\n                                    <p>Blogs publicados<\/p>\n                                <\/div>\n                                                                    <div class=\"counter-number\">\n                                        <h6 class=\"odometer\" data-count=\"120000\">0<\/h6><h5>k+<\/h5>\n                                        <p>Opiniones sobre el blog<\/p>\n                                    <\/div>\n                                                                    <div class=\"counter-number\">\n                                        <h6 class=\"odometer\" data-count=\"4512\">0<\/h6><h5>k+<\/h5>\n                                        <p>Total de abonados<\/p>\n                                    <\/div>\n                                \n                            <\/div>\n                        <\/div>\n                    <\/div>\n\n                                            <div class=\"position-relative pb-70 mb-lg-5 mb-5\">\n                            <h3>Albania y los Balcanes me han hechizado.<\/h3>\n<p>Explor\u00e9 todos los rincones del pa\u00eds para recopilar los senderos, experiencias, rutas, experiencias culinarias y secretos ocultos m\u00e1s bellos y desarroll\u00e9 mis viajes personales.<\/p>\n<p>El resultado es una serie de recorridos y experiencias que hacen especial hincapi\u00e9 en las vivencias individuales. Mis grupos reducidos se limitan de 4 a un m\u00e1ximo de 12 personas para garantizar que nuestros gu\u00edas locales puedan responder a los deseos y necesidades individuales y que la experiencia sea muy especial para cada individuo.<\/p>\n                        <\/div>\n                    \n                <\/div>\n            <\/div>\n        <\/div>\n    <\/div>\n<\/section>","protected":false},"excerpt":{"rendered":"","protected":false},"author":2,"featured_media":1195,"parent":0,"menu_order":0,"comment_status":"closed","ping_status":"closed","template":"","meta":{"footnotes":""},"class_list":["post-9","page","type-page","status-publish","has-post-thumbnail","hentry"],"acf":[],"_links":{"self":[{"href":"https:\/\/adventurealbania.com\/es\/wp-json\/wp\/v2\/pages\/9","targetHints":{"allow":["GET"]}}],"collection":[{"href":"https:\/\/adventurealbania.com\/es\/wp-json\/wp\/v2\/pages"}],"about":[{"href":"https:\/\/adventurealbania.com\/es\/wp-json\/wp\/v2\/types\/page"}],"author":[{"embeddable":true,"href":"https:\/\/adventurealbania.com\/es\/wp-json\/wp\/v2\/users\/2"}],"replies":[{"embeddable":true,"href":"https:\/\/adventurealbania.com\/es\/wp-json\/wp\/v2\/comments?post=9"}],"version-history":[{"count":19,"href":"https:\/\/adventurealbania.com\/es\/wp-json\/wp\/v2\/pages\/9\/revisions"}],"predecessor-version":[{"id":5955,"href":"https:\/\/adventurealbania.com\/es\/wp-json\/wp\/v2\/pages\/9\/revisions\/5955"}],"wp:featuredmedia":[{"embeddable":true,"href":"https:\/\/adventurealbania.com\/es\/wp-json\/wp\/v2\/media\/1195"}],"wp:attachment":[{"href":"https:\/\/adventurealbania.com\/es\/wp-json\/wp\/v2\/media?parent=9"}],"curies":[{"name":"wp","href":"https:\/\/api.w.org\/{rel}","templated":true}]}}