{"id":677,"date":"2024-06-20T07:36:40","date_gmt":"2024-06-20T07:36:40","guid":{"rendered":"https:\/\/adventurealbania.com\/?page_id=677"},"modified":"2024-08-02T16:23:00","modified_gmt":"2024-08-02T14:23:00","slug":"licencias-de-fotos","status":"publish","type":"page","link":"https:\/\/adventurealbania.com\/es\/photo-licensing\/","title":{"rendered":"Utilizar mis fotos"},"content":{"rendered":"<section class=\"about ptb-90\">\n    <div class=\"container\">\n        <div class=\"row align-items-center\">\n                            <div class=\"col-lg-6 order-2 order-sm-1 mt-4 mt-sm-4 mt-md-0\">\n                    <div class=\"about_img\">\n                        <img decoding=\"async\" src=\"https:\/\/adventurealbania.com\/wp-content\/uploads\/2024\/06\/Brataj-Bridge-Albanien_-27.jpg\" alt=\"acerca de nosotros\" class=\"img-fluid w-100\">\n                    <\/div>\n                <\/div>\n            \n            <div class=\"col-lg-6\">\n                <div class=\"about-text\">\n                                        <div class=\"section-title mt-4 mt-lg-0\">\n                        <!--                             <h2><\/h2> -->\n\t\t\t\t\t\t<div class=\"py-3\">Licencia para fotos de Adventure Albania<\/div>\n                                            <\/div>\n                    <p>Todas las im\u00e1genes que aparecen en este sitio web han sido tomadas por m\u00ed, Dirk Pohlers, a menos que se indique lo contrario.<\/p>\n<p>Todas mis im\u00e1genes tienen licencia\u00a0<em>Creative Commons (CC-BY-NC 4.0)<\/em>\u00a0para\u00a0<strong>s\u00f3lo para uso no comercial.<\/strong>\u00a0Esto significa que usted es libre de compartir y remezclar todas las im\u00e1genes siempre que\u00a0<strong>atribuci\u00f3n\u00a0<\/strong>a Dirk Pohlers y se hace un enlace do-follow a Adventure Albania con la imagen.<\/p>\n<p>Si desea\u00a0<strong>derechos de autor o licencia de cualquier imagen<\/strong>\u00a0en este sitio web (y recibir versiones de alta definici\u00f3n) para uso comercial, por favor\u00a0<a href=\"mailto:dirk@adventurealbania.com\">env\u00edame un correo electr\u00f3nico<\/a>.<\/p>\n                        <a href=\"https:\/\/adventurealbania.com\/es\/contacto\/\" target=\"\" class=\"btn-base btn-custom\">P\u00f3ngase en contacto con<\/a>\n                    \n                <\/div>\n            <\/div>\n        <\/div>\n    <\/div>\n<\/section>\n\n\n\n<div class=\"wp-block-columns container is-layout-flex wp-container-core-columns-is-layout-9d6595d7 wp-block-columns-is-layout-flex\">\n<div class=\"wp-block-column is-layout-flow wp-block-column-is-layout-flow\">\n<p class=\"has-text-align-center\">Descubre c\u00f3mo utilizar mis fotos para tu pr\u00f3ximo proyecto comercial o personal<\/p>\n<\/div>\n<\/div>\n\n\n\n<div class=\"wp-block-columns container is-layout-flex wp-container-core-columns-is-layout-9d6595d7 wp-block-columns-is-layout-flex\">\n<div class=\"wp-block-column is-layout-flow wp-block-column-is-layout-flow\">\n<h2 class=\"wp-block-heading has-text-align-center\">C\u00f3mo utilizar las im\u00e1genes de Adventure Albania<\/h2>\n<\/div>\n<\/div>\n\n\n\n<div class=\"wp-block-columns container is-layout-flex wp-container-core-columns-is-layout-9d6595d7 wp-block-columns-is-layout-flex\">\n<div class=\"wp-block-column is-layout-flow wp-block-column-is-layout-flow\">\n<figure class=\"wp-block-image size-full\"><img decoding=\"async\" width=\"1200\" height=\"900\" src=\"https:\/\/adventurealbania.com\/wp-content\/uploads\/2024\/06\/Shkoder_MesiBridge.jpg\" alt=\"Puente Shkoder Mesi con el r\u00edo\" class=\"wp-image-1524\" srcset=\"https:\/\/adventurealbania.com\/wp-content\/uploads\/2024\/06\/Shkoder_MesiBridge.jpg 1200w, https:\/\/adventurealbania.com\/wp-content\/uploads\/2024\/06\/Shkoder_MesiBridge-300x225.jpg 300w, https:\/\/adventurealbania.com\/wp-content\/uploads\/2024\/06\/Shkoder_MesiBridge-1024x768.jpg 1024w, https:\/\/adventurealbania.com\/wp-content\/uploads\/2024\/06\/Shkoder_MesiBridge-768x576.jpg 768w\" sizes=\"(max-width: 1200px) 100vw, 1200px\" \/><\/figure>\n\n\n\n<h3 class=\"wp-block-heading\">CREATIVE COMMONS: NO COMERCIAL<\/h3>\n\n\n\n<div style=\"height:30px\" aria-hidden=\"true\" class=\"wp-block-spacer\"><\/div>\n\n\n\n<p>Es usted libre de hacerlo:<\/p>\n\n\n\n<ul class=\"wp-block-list\">\n<li><strong>Compartir<\/strong> &nbsp;- copiar y redistribuir el material en cualquier medio o formato<\/li>\n\n\n\n<li><strong>Adapt<\/strong> - remezclar, transformar y construir sobre el material<\/li>\n<\/ul>\n\n\n\n<p>En los siguientes t\u00e9rminos:&nbsp;<\/p>\n\n\n\n<ul class=\"wp-block-list\">\n<li><strong>No comercial<\/strong>&nbsp;- No podr\u00e1 utilizar el material para&nbsp;<a href=\"https:\/\/creativecommons.org\/licenses\/by-nc\/4.0\/#\" target=\"_blank\" rel=\"noreferrer noopener\">fines comerciales<\/a>.<\/li>\n\n\n\n<li><strong>Atribuci\u00f3n<\/strong>&nbsp;- Debes atribuir la imagen a Dirk Pohlers y un enlace do-follow a Adventure Albania. A continuaci\u00f3n se muestra una plantilla de c\u00f3digo HTML para su uso.<\/li>\n<\/ul>\n\n\n\n<pre class=\"wp-block-code\"><code>Fotos de &lt;a href=&quot;\/es\/&rdquo;https:\/\/adventurealbania.com\/&rdquo;\/&quot; target=&quot;&rdquo;_blank&rdquo;&quot;&gt;Dirk Pohlers, de Adventure Albania&lt;\/a&gt;<\/code><\/pre>\n\n\n\n<p><strong>Ejemplos de uso permitido:<\/strong><\/p>\n\n\n\n<ul class=\"wp-block-list\">\n<li>Insertar im\u00e1genes en las entradas del blog<\/li>\n\n\n\n<li>Proyectos escolares<\/li>\n\n\n\n<li>Persona que utiliza la imagen como fondo o para fines personales no compartidos en l\u00ednea<\/li>\n<\/ul>\n\n\n\n<p><a href=\"https:\/\/creativecommons.org\/licenses\/by-nc\/4.0\/legalcode\" target=\"_blank\" rel=\"noreferrer noopener\"><strong>C\u00f3digo jur\u00eddico completo<\/strong><\/a><\/p>\n<\/div>\n\n\n\n<div class=\"wp-block-column is-layout-flow wp-block-column-is-layout-flow\">\n<figure class=\"wp-block-image size-full\"><img decoding=\"async\" width=\"1024\" height=\"768\" src=\"https:\/\/adventurealbania.com\/wp-content\/uploads\/2024\/06\/Shpella-e-Pellumbave-Beach.jpg\" alt=\"\" class=\"wp-image-1522\" srcset=\"https:\/\/adventurealbania.com\/wp-content\/uploads\/2024\/06\/Shpella-e-Pellumbave-Beach.jpg 1024w, https:\/\/adventurealbania.com\/wp-content\/uploads\/2024\/06\/Shpella-e-Pellumbave-Beach-300x225.jpg 300w, https:\/\/adventurealbania.com\/wp-content\/uploads\/2024\/06\/Shpella-e-Pellumbave-Beach-768x576.jpg 768w\" sizes=\"(max-width: 1024px) 100vw, 1024px\" \/><\/figure>\n\n\n\n<h3 class=\"wp-block-heading\">DERECHOS DE AUTOR: LICENCIAS COMERCIALES<\/h3>\n\n\n\n<div style=\"height:30px\" aria-hidden=\"true\" class=\"wp-block-spacer\"><\/div>\n\n\n\n<p>Como fot\u00f3grafo, dependo de los ingresos generados por mi trabajo fotogr\u00e1fico. Todas mis im\u00e1genes est\u00e1n disponibles para derechos de autor y licencias comerciales para sus proyectos.<\/p>\n\n\n\n<p>Si desea utilizar alguna de mis im\u00e1genes con fines comerciales, por favor&nbsp;<a href=\"mailto:dirk@adventurealbania.com\/\" target=\"_blank\" rel=\"noreferrer noopener\">cont\u00e1cteme directamente<\/a>&nbsp;para obtener un presupuesto.&nbsp;<\/p>\n\n\n\n<p><strong>El uso comercial se define como&nbsp;<\/strong>usando mis im\u00e1genes \"principalmente para o dirigidas a una ventaja comercial o compensaci\u00f3n monetaria\".<\/p>\n\n\n\n<p><strong>Ejemplos de uso comercial:&nbsp;<\/strong><\/p>\n\n\n\n<ul class=\"wp-block-list\">\n<li>Una campa\u00f1a de marketing para una entidad comercial (incluye oficinas de turismo, hoteles, operadores tur\u00edsticos, etc.)<\/li>\n\n\n\n<li>Una campa\u00f1a de recaudaci\u00f3n de fondos para una entidad sin \u00e1nimo de lucro<\/li>\n\n\n\n<li>Una imagen de fondo para un sitio web<\/li>\n<\/ul>\n\n\n\n<p><strong><a href=\"https:\/\/adventurealbania.com\/es\/contacto\/\">Licenciar mis im\u00e1genes<\/a><\/strong><\/p>\n<\/div>\n<\/div>\n\n\n\n<div style=\"height:56px\" aria-hidden=\"true\" class=\"wp-block-spacer\"><\/div>\n\n\n\n<div class=\"wp-block-columns container is-layout-flex wp-container-core-columns-is-layout-9d6595d7 wp-block-columns-is-layout-flex\">\n<div class=\"wp-block-column is-layout-flow wp-block-column-is-layout-flow\">\n<p><strong><a href=\"https:\/\/adventurealbania.com\/es\/blog\/\">Volver al blog....<\/a><\/strong><\/p>\n<\/div>\n<\/div>\n\n\n\n<div style=\"height:88px\" aria-hidden=\"true\" class=\"wp-block-spacer\"><\/div>","protected":false},"excerpt":{"rendered":"<p>Find out how to use my photos for your next commercial or personal project How To Use Images From Adventure Albania CREATIVE COMMONS: NON-COMMERCIAL You are free to: Under the following terms:&nbsp; Examples of permitted use: Full legal code COPYRIGHT: COMMERCIAL LICENSING As a photographer, I rely on income generated from my photographic work. All [&hellip;]<\/p>\n","protected":false},"author":2,"featured_media":886,"parent":0,"menu_order":0,"comment_status":"closed","ping_status":"closed","template":"","meta":{"footnotes":""},"class_list":["post-677","page","type-page","status-publish","has-post-thumbnail","hentry"],"acf":[],"_links":{"self":[{"href":"https:\/\/adventurealbania.com\/es\/wp-json\/wp\/v2\/pages\/677","targetHints":{"allow":["GET"]}}],"collection":[{"href":"https:\/\/adventurealbania.com\/es\/wp-json\/wp\/v2\/pages"}],"about":[{"href":"https:\/\/adventurealbania.com\/es\/wp-json\/wp\/v2\/types\/page"}],"author":[{"embeddable":true,"href":"https:\/\/adventurealbania.com\/es\/wp-json\/wp\/v2\/users\/2"}],"replies":[{"embeddable":true,"href":"https:\/\/adventurealbania.com\/es\/wp-json\/wp\/v2\/comments?post=677"}],"version-history":[{"count":56,"href":"https:\/\/adventurealbania.com\/es\/wp-json\/wp\/v2\/pages\/677\/revisions"}],"predecessor-version":[{"id":2956,"href":"https:\/\/adventurealbania.com\/es\/wp-json\/wp\/v2\/pages\/677\/revisions\/2956"}],"wp:featuredmedia":[{"embeddable":true,"href":"https:\/\/adventurealbania.com\/es\/wp-json\/wp\/v2\/media\/886"}],"wp:attachment":[{"href":"https:\/\/adventurealbania.com\/es\/wp-json\/wp\/v2\/media?parent=677"}],"curies":[{"name":"wp","href":"https:\/\/api.w.org\/{rel}","templated":true}]}}